{"id":9702,"date":"2026-01-27T09:11:56","date_gmt":"2026-01-27T08:11:56","guid":{"rendered":"https:\/\/mariehelenecussac.eu\/?page_id=9702"},"modified":"2026-01-27T09:11:56","modified_gmt":"2026-01-27T08:11:56","slug":"books","status":"publish","type":"page","link":"https:\/\/mariehelenecussac.eu\/?page_id=9702","title":{"rendered":"books"},"content":{"rendered":"<p>Marie-H\u00e9l\u00e8ne started being invited to contribute to books on entrepreneurship and business early 2024.<br \/>\nShe lately published:<\/p>\n<h5><strong>\u00a0<\/strong><\/h5>\n<h5><strong><img loading=\"lazy\" decoding=\"async\" class=\"size-medium wp-image-9703 alignright\" src=\"https:\/\/mariehelenecussac.eu\/wp-content\/uploads\/2026\/01\/mhc-Visible-1-e1769501366814-234x300.jpeg\" alt=\"Marie-Helene Cussac book Visible Speaking on Stages\" width=\"234\" height=\"300\" srcset=\"https:\/\/mariehelenecussac.eu\/wp-content\/uploads\/2026\/01\/mhc-Visible-1-e1769501366814-234x300.jpeg 234w, https:\/\/mariehelenecussac.eu\/wp-content\/uploads\/2026\/01\/mhc-Visible-1-e1769501366814-798x1024.jpeg 798w, https:\/\/mariehelenecussac.eu\/wp-content\/uploads\/2026\/01\/mhc-Visible-1-e1769501366814-768x985.jpeg 768w, https:\/\/mariehelenecussac.eu\/wp-content\/uploads\/2026\/01\/mhc-Visible-1-e1769501366814-1198x1536.jpeg 1198w, https:\/\/mariehelenecussac.eu\/wp-content\/uploads\/2026\/01\/mhc-Visible-1-e1769501366814.jpeg 1388w\" sizes=\"auto, (max-width: 234px) 100vw, 234px\" \/>SPEAKING ON STAGES<\/strong><\/h5>\n<p>in <em><a href=\"https:\/\/amzn.eu\/d\/dbepfp5\" target=\"_blank\" rel=\"noopener\">VISIBLE, Actionable strategies from industry experts to help you stand out in your industry with ease!<\/a><\/em><\/p>\n<p>ed. Lyndsey Meredith &amp; Co.<em><br \/>\n<\/em>February 2025<br \/>\nISBN-10 : 1068386207<em><br \/>\n<\/em><\/p>\n<h5><\/h5>\n<h5><strong><img loading=\"lazy\" decoding=\"async\" class=\"size-medium wp-image-9707 alignright\" src=\"https:\/\/mariehelenecussac.eu\/wp-content\/uploads\/2026\/01\/mhc-WWW-225x300.jpeg\" alt=\"Marie-Helene Cussac book Women Who Win - Overcoming Performance Anxiety\" width=\"225\" height=\"300\" srcset=\"https:\/\/mariehelenecussac.eu\/wp-content\/uploads\/2026\/01\/mhc-WWW-225x300.jpeg 225w, https:\/\/mariehelenecussac.eu\/wp-content\/uploads\/2026\/01\/mhc-WWW-768x1024.jpeg 768w, https:\/\/mariehelenecussac.eu\/wp-content\/uploads\/2026\/01\/mhc-WWW-1152x1536.jpeg 1152w, https:\/\/mariehelenecussac.eu\/wp-content\/uploads\/2026\/01\/mhc-WWW-1536x2048.jpeg 1536w, https:\/\/mariehelenecussac.eu\/wp-content\/uploads\/2026\/01\/mhc-WWW.jpeg 1875w\" sizes=\"auto, (max-width: 225px) 100vw, 225px\" \/>OVERCOMING PERFORMANCE ANXIETY<\/strong><\/h5>\n<p>in <em><a href=\"https:\/\/amzn.eu\/d\/4gCmMLz\">WOMEN WHO WIN, Navigating the Path to Success with Strategies for Entrepreneurship<\/a><\/em><\/p>\n<p>ed. Tracey Munro &amp; Co.<br \/>\nSeptember 2024<br \/>\nISBN-13 : \u200e979-8338557945<\/p>\n<p>&nbsp;<\/p>\n<p>&nbsp;<\/p>\n","protected":false},"excerpt":{"rendered":"<p>Marie-H\u00e9l\u00e8ne started being invited to contribute to books on entrepreneurship and business early 2024. She lately published: \u00a0 SPEAKING ON STAGES in VISIBLE, Actionable strategies from industry experts to help &#8230;<\/p>\n","protected":false},"author":2,"featured_media":0,"parent":0,"menu_order":0,"comment_status":"closed","ping_status":"closed","template":"","meta":{"footnotes":""},"class_list":["post-9702","page","type-page","status-publish","hentry"],"yoast_head":"<!-- This site is optimized with the Yoast SEO plugin v27.3 - https:\/\/yoast.com\/product\/yoast-seo-wordpress\/ -->\n<title>books - Marie-H\u00e9l\u00e8ne Cussac<\/title>\n<meta name=\"robots\" content=\"index, follow, max-snippet:-1, max-image-preview:large, max-video-preview:-1\" \/>\n<link rel=\"canonical\" href=\"https:\/\/mariehelenecussac.eu\/?page_id=9702\" \/>\n<meta property=\"og:locale\" content=\"en_GB\" \/>\n<meta property=\"og:type\" content=\"article\" \/>\n<meta property=\"og:title\" content=\"books - Marie-H\u00e9l\u00e8ne Cussac\" \/>\n<meta property=\"og:description\" content=\"Marie-H\u00e9l\u00e8ne started being invited to contribute to books on entrepreneurship and business early 2024. She lately published: \u00a0 SPEAKING ON STAGES in VISIBLE, Actionable strategies from industry experts to help ...\" \/>\n<meta property=\"og:url\" content=\"https:\/\/mariehelenecussac.eu\/?page_id=9702\" \/>\n<meta property=\"og:site_name\" content=\"Marie-H\u00e9l\u00e8ne Cussac\" \/>\n<meta property=\"og:image\" content=\"https:\/\/mariehelenecussac.eu\/wp-content\/uploads\/2026\/01\/mhc-Visible-1-e1769501366814-234x300.jpeg\" \/>\n<meta name=\"twitter:card\" content=\"summary_large_image\" \/>\n<script type=\"application\/ld+json\" class=\"yoast-schema-graph\">{\"@context\":\"https:\\\/\\\/schema.org\",\"@graph\":[{\"@type\":\"WebPage\",\"@id\":\"https:\\\/\\\/mariehelenecussac.eu\\\/?page_id=9702\",\"url\":\"https:\\\/\\\/mariehelenecussac.eu\\\/?page_id=9702\",\"name\":\"books - Marie-H\u00e9l\u00e8ne Cussac\",\"isPartOf\":{\"@id\":\"https:\\\/\\\/mariehelenecussac.eu\\\/#website\"},\"primaryImageOfPage\":{\"@id\":\"https:\\\/\\\/mariehelenecussac.eu\\\/?page_id=9702#primaryimage\"},\"image\":{\"@id\":\"https:\\\/\\\/mariehelenecussac.eu\\\/?page_id=9702#primaryimage\"},\"thumbnailUrl\":\"https:\\\/\\\/mariehelenecussac.eu\\\/wp-content\\\/uploads\\\/2026\\\/01\\\/mhc-Visible-1-e1769501366814-234x300.jpeg\",\"datePublished\":\"2026-01-27T08:11:56+00:00\",\"breadcrumb\":{\"@id\":\"https:\\\/\\\/mariehelenecussac.eu\\\/?page_id=9702#breadcrumb\"},\"inLanguage\":\"en-GB\",\"potentialAction\":[{\"@type\":\"ReadAction\",\"target\":[\"https:\\\/\\\/mariehelenecussac.eu\\\/?page_id=9702\"]}]},{\"@type\":\"ImageObject\",\"inLanguage\":\"en-GB\",\"@id\":\"https:\\\/\\\/mariehelenecussac.eu\\\/?page_id=9702#primaryimage\",\"url\":\"https:\\\/\\\/mariehelenecussac.eu\\\/wp-content\\\/uploads\\\/2026\\\/01\\\/mhc-Visible-1-e1769501366814.jpeg\",\"contentUrl\":\"https:\\\/\\\/mariehelenecussac.eu\\\/wp-content\\\/uploads\\\/2026\\\/01\\\/mhc-Visible-1-e1769501366814.jpeg\",\"width\":1388,\"height\":1780,\"caption\":\"Marie-Helene Cussac book Visible Speaking on Stages\"},{\"@type\":\"BreadcrumbList\",\"@id\":\"https:\\\/\\\/mariehelenecussac.eu\\\/?page_id=9702#breadcrumb\",\"itemListElement\":[{\"@type\":\"ListItem\",\"position\":1,\"name\":\"Home\",\"item\":\"https:\\\/\\\/mariehelenecussac.eu\\\/\"},{\"@type\":\"ListItem\",\"position\":2,\"name\":\"books\"}]},{\"@type\":\"WebSite\",\"@id\":\"https:\\\/\\\/mariehelenecussac.eu\\\/#website\",\"url\":\"https:\\\/\\\/mariehelenecussac.eu\\\/\",\"name\":\"Marie-H\u00e9l\u00e8ne Cussac\",\"description\":\"Lead with empathy to unleash creativity\",\"publisher\":{\"@id\":\"https:\\\/\\\/mariehelenecussac.eu\\\/#organization\"},\"potentialAction\":[{\"@type\":\"SearchAction\",\"target\":{\"@type\":\"EntryPoint\",\"urlTemplate\":\"https:\\\/\\\/mariehelenecussac.eu\\\/?s={search_term_string}\"},\"query-input\":{\"@type\":\"PropertyValueSpecification\",\"valueRequired\":true,\"valueName\":\"search_term_string\"}}],\"inLanguage\":\"en-GB\"},{\"@type\":\"Organization\",\"@id\":\"https:\\\/\\\/mariehelenecussac.eu\\\/#organization\",\"name\":\"Marie-H\u00e9l\u00e8ne Cussac\",\"url\":\"https:\\\/\\\/mariehelenecussac.eu\\\/\",\"logo\":{\"@type\":\"ImageObject\",\"inLanguage\":\"en-GB\",\"@id\":\"https:\\\/\\\/mariehelenecussac.eu\\\/#\\\/schema\\\/logo\\\/image\\\/\",\"url\":\"https:\\\/\\\/mariehelenecussac.eu\\\/wp-content\\\/uploads\\\/2020\\\/09\\\/cropped-cropped-IMG_0148-1.jpg\",\"contentUrl\":\"https:\\\/\\\/mariehelenecussac.eu\\\/wp-content\\\/uploads\\\/2020\\\/09\\\/cropped-cropped-IMG_0148-1.jpg\",\"width\":2494,\"height\":559,\"caption\":\"Marie-H\u00e9l\u00e8ne Cussac\"},\"image\":{\"@id\":\"https:\\\/\\\/mariehelenecussac.eu\\\/#\\\/schema\\\/logo\\\/image\\\/\"}}]}<\/script>\n<!-- \/ Yoast SEO plugin. -->","yoast_head_json":{"title":"books - Marie-H\u00e9l\u00e8ne Cussac","robots":{"index":"index","follow":"follow","max-snippet":"max-snippet:-1","max-image-preview":"max-image-preview:large","max-video-preview":"max-video-preview:-1"},"canonical":"https:\/\/mariehelenecussac.eu\/?page_id=9702","og_locale":"en_GB","og_type":"article","og_title":"books - Marie-H\u00e9l\u00e8ne Cussac","og_description":"Marie-H\u00e9l\u00e8ne started being invited to contribute to books on entrepreneurship and business early 2024. She lately published: \u00a0 SPEAKING ON STAGES in VISIBLE, Actionable strategies from industry experts to help ...","og_url":"https:\/\/mariehelenecussac.eu\/?page_id=9702","og_site_name":"Marie-H\u00e9l\u00e8ne Cussac","og_image":[{"url":"https:\/\/mariehelenecussac.eu\/wp-content\/uploads\/2026\/01\/mhc-Visible-1-e1769501366814-234x300.jpeg","type":"","width":"","height":""}],"twitter_card":"summary_large_image","schema":{"@context":"https:\/\/schema.org","@graph":[{"@type":"WebPage","@id":"https:\/\/mariehelenecussac.eu\/?page_id=9702","url":"https:\/\/mariehelenecussac.eu\/?page_id=9702","name":"books - Marie-H\u00e9l\u00e8ne Cussac","isPartOf":{"@id":"https:\/\/mariehelenecussac.eu\/#website"},"primaryImageOfPage":{"@id":"https:\/\/mariehelenecussac.eu\/?page_id=9702#primaryimage"},"image":{"@id":"https:\/\/mariehelenecussac.eu\/?page_id=9702#primaryimage"},"thumbnailUrl":"https:\/\/mariehelenecussac.eu\/wp-content\/uploads\/2026\/01\/mhc-Visible-1-e1769501366814-234x300.jpeg","datePublished":"2026-01-27T08:11:56+00:00","breadcrumb":{"@id":"https:\/\/mariehelenecussac.eu\/?page_id=9702#breadcrumb"},"inLanguage":"en-GB","potentialAction":[{"@type":"ReadAction","target":["https:\/\/mariehelenecussac.eu\/?page_id=9702"]}]},{"@type":"ImageObject","inLanguage":"en-GB","@id":"https:\/\/mariehelenecussac.eu\/?page_id=9702#primaryimage","url":"https:\/\/mariehelenecussac.eu\/wp-content\/uploads\/2026\/01\/mhc-Visible-1-e1769501366814.jpeg","contentUrl":"https:\/\/mariehelenecussac.eu\/wp-content\/uploads\/2026\/01\/mhc-Visible-1-e1769501366814.jpeg","width":1388,"height":1780,"caption":"Marie-Helene Cussac book Visible Speaking on Stages"},{"@type":"BreadcrumbList","@id":"https:\/\/mariehelenecussac.eu\/?page_id=9702#breadcrumb","itemListElement":[{"@type":"ListItem","position":1,"name":"Home","item":"https:\/\/mariehelenecussac.eu\/"},{"@type":"ListItem","position":2,"name":"books"}]},{"@type":"WebSite","@id":"https:\/\/mariehelenecussac.eu\/#website","url":"https:\/\/mariehelenecussac.eu\/","name":"Marie-H\u00e9l\u00e8ne Cussac","description":"Lead with empathy to unleash creativity","publisher":{"@id":"https:\/\/mariehelenecussac.eu\/#organization"},"potentialAction":[{"@type":"SearchAction","target":{"@type":"EntryPoint","urlTemplate":"https:\/\/mariehelenecussac.eu\/?s={search_term_string}"},"query-input":{"@type":"PropertyValueSpecification","valueRequired":true,"valueName":"search_term_string"}}],"inLanguage":"en-GB"},{"@type":"Organization","@id":"https:\/\/mariehelenecussac.eu\/#organization","name":"Marie-H\u00e9l\u00e8ne Cussac","url":"https:\/\/mariehelenecussac.eu\/","logo":{"@type":"ImageObject","inLanguage":"en-GB","@id":"https:\/\/mariehelenecussac.eu\/#\/schema\/logo\/image\/","url":"https:\/\/mariehelenecussac.eu\/wp-content\/uploads\/2020\/09\/cropped-cropped-IMG_0148-1.jpg","contentUrl":"https:\/\/mariehelenecussac.eu\/wp-content\/uploads\/2020\/09\/cropped-cropped-IMG_0148-1.jpg","width":2494,"height":559,"caption":"Marie-H\u00e9l\u00e8ne Cussac"},"image":{"@id":"https:\/\/mariehelenecussac.eu\/#\/schema\/logo\/image\/"}}]}},"_links":{"self":[{"href":"https:\/\/mariehelenecussac.eu\/index.php?rest_route=\/wp\/v2\/pages\/9702","targetHints":{"allow":["GET"]}}],"collection":[{"href":"https:\/\/mariehelenecussac.eu\/index.php?rest_route=\/wp\/v2\/pages"}],"about":[{"href":"https:\/\/mariehelenecussac.eu\/index.php?rest_route=\/wp\/v2\/types\/page"}],"author":[{"embeddable":true,"href":"https:\/\/mariehelenecussac.eu\/index.php?rest_route=\/wp\/v2\/users\/2"}],"replies":[{"embeddable":true,"href":"https:\/\/mariehelenecussac.eu\/index.php?rest_route=%2Fwp%2Fv2%2Fcomments&post=9702"}],"version-history":[{"count":1,"href":"https:\/\/mariehelenecussac.eu\/index.php?rest_route=\/wp\/v2\/pages\/9702\/revisions"}],"predecessor-version":[{"id":9709,"href":"https:\/\/mariehelenecussac.eu\/index.php?rest_route=\/wp\/v2\/pages\/9702\/revisions\/9709"}],"wp:attachment":[{"href":"https:\/\/mariehelenecussac.eu\/index.php?rest_route=%2Fwp%2Fv2%2Fmedia&parent=9702"}],"curies":[{"name":"wp","href":"https:\/\/api.w.org\/{rel}","templated":true}]}}