{"id":328,"date":"2010-02-27T17:48:06","date_gmt":"2010-02-27T16:48:06","guid":{"rendered":"http:\/\/www.cussac.eu\/?page_id=328"},"modified":"2010-02-27T17:48:06","modified_gmt":"2010-02-27T16:48:06","slug":"training","status":"publish","type":"page","link":"https:\/\/mariehelenecussac.eu\/?page_id=328","title":{"rendered":"teaching . training"},"content":{"rendered":"<p><span style=\"color: #000000\">Once back in France, Marie-H\u00e9l\u00e8ne&#8217;s been sharing her expertise with ambitious students at inspiring schools such as <a href=\"http:\/\/www.escpeurope.eu\" target=\"_blank\" rel=\"noopener noreferrer\">ESCP Europe<\/a>, <a href=\"http:\/\/www.univ-paris3.fr\/\" target=\"_blank\" rel=\"noopener noreferrer\">La Sorbonne nouvelle-Paris 3<\/a>, the <a href=\"http:\/\/www.mediaschool.eu\/\" target=\"_blank\" rel=\"noopener noreferrer\">Media School Group<\/a> (London, Nice, Paris), the <a href=\"http:\/\/www.skema.edu\/\" target=\"_blank\" rel=\"noopener noreferrer\">SKEMA Business School<\/a> (Sophia Antipolis), and the <a href=\"http:\/\/monaco.edu\/\" target=\"_blank\" rel=\"noopener noreferrer\">International University of Monaco<\/a>, <a href=\"https:\/\/www.inseec.education\/study-in-london\/\" target=\"_blank\" rel=\"noopener noreferrer\">Groupe INSEEC London<\/a> &amp; <a href=\"https:\/\/www.supdepub.com\/\" target=\"_blank\" rel=\"noopener noreferrer\">Sup de Pub<\/a> from the <a href=\"https:\/\/www.groupeinseec.com\/\" target=\"_blank\" rel=\"noopener noreferrer\">INSEEC Group<\/a>&#8230; etc.<br \/>\n<\/span><\/p>\n<p><a href=\"https:\/\/mariehelenecussac.eu\/wp-content\/uploads\/2010\/02\/766.gif\" rel=\"attachment wp-att-960\"><img loading=\"lazy\" decoding=\"async\" class=\"alignleft wp-image-960\" src=\"https:\/\/mariehelenecussac.eu\/wp-content\/uploads\/2010\/02\/766.gif\" alt=\"766\" height=\"38\" width=\"73\"><\/a>Since 2012, Marie-H\u00e9l\u00e8ne has been teaching at <a href=\"http:\/\/www.escpeurope.eu\" target=\"_blank\" rel=\"noopener noreferrer\">ESCP Europe<\/a> for the <a href=\"http:\/\/www.escpeurope.eu\/escp-europe-programmes\/master-in-management\/overview-master-in-management-escp-europe-business-school\/master-in-management-mim-escp-europe-business-school\/overview-master-in-management-escp-europe-business-school\/\" target=\"_blank\" rel=\"noopener noreferrer\">ESCP Europe Master in Management<\/a> &amp; the <a href=\"http:\/\/www.escpeurope.eu\/escp-europe-programmes\/master-in-european-business-meb-escp-europe\/master-in-european-business\/overview\/overview-meb-master-in-european-business-escp-europe\/\" target=\"_blank\" rel=\"noopener noreferrer\">ESCP Europe MEB, Master in European Business<\/a> programmes.<a href=\"https:\/\/mariehelenecussac.eu\/wp-content\/uploads\/2010\/02\/AHernandez-1.jpg\" rel=\"attachment wp-att-969\"><img loading=\"lazy\" decoding=\"async\" class=\"alignright wp-image-969\" src=\"https:\/\/mariehelenecussac.eu\/wp-content\/uploads\/2010\/02\/AHernandez-1-550x344.jpg\" alt=\"AHernandez\" height=\"227\" width=\"363\"><\/a><\/p>\n<p><a href=\"https:\/\/mariehelenecussac.eu\/wp-content\/uploads\/2010\/02\/skema-business-school-logo.gif\" rel=\"attachment wp-att-961\"><img loading=\"lazy\" decoding=\"async\" class=\"alignleft wp-image-961\" src=\"https:\/\/mariehelenecussac.eu\/wp-content\/uploads\/2010\/02\/skema-business-school-logo.gif\" alt=\"skema-business-school-logo\" height=\"23\" width=\"76\"><\/a>Since February 2016, MH has launched sessions on <strong><span style=\"color: #156075\">Creativity Management<\/span><\/strong>, where she invites participants to embark on a journey towards unleashing their creativity and that of their team.<\/p>\n<h3><strong><span style=\"color: #5f9ea0\">Seminars on:<br \/>\n<\/span><\/strong><\/h3>\n<ul>\n<li><span style=\"color: #008080\">NEW !! <\/span><strong>creativity management <\/strong><\/li>\n<li><strong>interest representation in EU affairs <\/strong>(lobbying the EU)<\/li>\n<li><strong>public speaking<\/strong><\/li>\n<li><strong>intercultural communication <\/strong>in the workplace<\/li>\n<li><strong>communication &amp; EU affairs<\/strong><\/li>\n<li><strong>communication in the EU<\/strong><\/li>\n<li>EU institutions<\/li>\n<li>EU politics &amp; policies<\/li>\n<li>EU media<\/li>\n<\/ul>\n<p><span style=\"color: #156075\"><strong>Sing for Better Communication<\/strong><\/span><br \/>\nThese past few years, Marie-H\u00e9l\u00e8ne has been developing a specific training putting forward the use of vocal techniques used by singers with the purpose of enhancing communication skills. Voice is indeed key to message conveying and successful reception by its target.<\/p>\n<p><span style=\"color: #156075\"><strong>Public speaking workshops<\/strong><\/span><br \/>\nIn 2013, Marie-H\u00e9l\u00e8ne started giving vocal technique workshops as part of a doctoral seminar at Paris 3 &#8211; La Sorbonne Nouvelle in Paris. They complete an original training in giving an oral presentation of an academic production\/paper.<br \/>\nMore info on <a title=\"Seminaire-ED267\" href=\"http:\/\/www.univ-paris3.fr\/atelier-de-formation-a-la-prise-de-parole-scientifique-180835.kjsp?RH=1233160025689\" target=\"_blank\" rel=\"noopener noreferrer\">Atelier de formation \u00e0 la prise de parole scientifique, Ecole doctorale Arts &amp; M\u00e9dias<\/a><br \/>\nat <a title=\"blog-seminaireED267\" href=\"http:\/\/mariehelenecussac.eu\/2013\/02\/01\/prenez-la-parole\/\" target=\"_blank\" rel=\"noopener noreferrer\">www.mariehelenecussac.eu<\/a><\/p>\n<p><a href=\"https:\/\/mariehelenecussac.eu\/wp-content\/uploads\/2010\/02\/Quotes-teaching.jpg\" rel=\"attachment wp-att-975\"><img loading=\"lazy\" decoding=\"async\" class=\"wp-image-975 aligncenter\" src=\"https:\/\/mariehelenecussac.eu\/wp-content\/uploads\/2010\/02\/Quotes-teaching.jpg\" alt=\"Quotes-teaching\" height=\"346\" width=\"692\"><\/a><\/p>\n<p><span style=\"color: #000000\"><span lang=\"EN-US\">&nbsp;<\/span><\/span><\/p>\n<p><span style=\"color: #000000\"><br \/>\n\/\/ <a href=\"https:\/\/mariehelenecussac.eu\/wp-content\/uploads\/2010\/02\/Screen-shot-2015-06-13-at-17.10.43.png\"><img loading=\"lazy\" decoding=\"async\" class=\"aligncenter wp-image-933 size-full\" src=\"https:\/\/mariehelenecussac.eu\/wp-content\/uploads\/2010\/02\/Screen-shot-2015-06-13-at-17.10.43.png\" alt=\"Screen shot 2015-06-13 at 17.10.43\" height=\"535\" width=\"694\"><\/a><br \/>\n<\/span><\/p>\n<p>&nbsp;<\/p>\n","protected":false},"excerpt":{"rendered":"<p>Once back in France, Marie-H\u00e9l\u00e8ne&#8217;s been sharing her expertise with ambitious students at inspiring schools such as ESCP Europe, La Sorbonne nouvelle-Paris 3, the Media School Group (London, Nice, Paris), &#8230;<\/p>\n","protected":false},"author":1,"featured_media":0,"parent":17,"menu_order":2,"comment_status":"open","ping_status":"open","template":"","meta":{"footnotes":""},"class_list":["post-328","page","type-page","status-publish","hentry"],"yoast_head":"<!-- This site is optimized with the Yoast SEO plugin v27.3 - https:\/\/yoast.com\/product\/yoast-seo-wordpress\/ -->\n<title>teaching . training - Marie-H\u00e9l\u00e8ne Cussac<\/title>\n<meta name=\"robots\" content=\"index, follow, max-snippet:-1, max-image-preview:large, max-video-preview:-1\" \/>\n<link rel=\"canonical\" href=\"https:\/\/mariehelenecussac.eu\/?page_id=328\" \/>\n<meta property=\"og:locale\" content=\"en_GB\" \/>\n<meta property=\"og:type\" content=\"article\" \/>\n<meta property=\"og:title\" content=\"teaching . training - Marie-H\u00e9l\u00e8ne Cussac\" \/>\n<meta property=\"og:description\" content=\"Once back in France, Marie-H\u00e9l\u00e8ne&#8217;s been sharing her expertise with ambitious students at inspiring schools such as ESCP Europe, La Sorbonne nouvelle-Paris 3, the Media School Group (London, Nice, Paris), ...\" \/>\n<meta property=\"og:url\" content=\"https:\/\/mariehelenecussac.eu\/?page_id=328\" \/>\n<meta property=\"og:site_name\" content=\"Marie-H\u00e9l\u00e8ne Cussac\" \/>\n<meta property=\"og:image\" content=\"https:\/\/mariehelenecussac.eu\/wp-content\/uploads\/2010\/02\/766.gif\" \/>\n<meta name=\"twitter:card\" content=\"summary_large_image\" \/>\n<meta name=\"twitter:label1\" content=\"Estimated reading time\" \/>\n\t<meta name=\"twitter:data1\" content=\"1 minute\" \/>\n<script type=\"application\/ld+json\" class=\"yoast-schema-graph\">{\"@context\":\"https:\\\/\\\/schema.org\",\"@graph\":[{\"@type\":\"WebPage\",\"@id\":\"https:\\\/\\\/mariehelenecussac.eu\\\/?page_id=328\",\"url\":\"https:\\\/\\\/mariehelenecussac.eu\\\/?page_id=328\",\"name\":\"teaching . training - Marie-H\u00e9l\u00e8ne Cussac\",\"isPartOf\":{\"@id\":\"https:\\\/\\\/mariehelenecussac.eu\\\/#website\"},\"primaryImageOfPage\":{\"@id\":\"https:\\\/\\\/mariehelenecussac.eu\\\/?page_id=328#primaryimage\"},\"image\":{\"@id\":\"https:\\\/\\\/mariehelenecussac.eu\\\/?page_id=328#primaryimage\"},\"thumbnailUrl\":\"https:\\\/\\\/mariehelenecussac.eu\\\/wp-content\\\/uploads\\\/2010\\\/02\\\/766.gif\",\"datePublished\":\"2010-02-27T16:48:06+00:00\",\"breadcrumb\":{\"@id\":\"https:\\\/\\\/mariehelenecussac.eu\\\/?page_id=328#breadcrumb\"},\"inLanguage\":\"en-GB\",\"potentialAction\":[{\"@type\":\"ReadAction\",\"target\":[\"https:\\\/\\\/mariehelenecussac.eu\\\/?page_id=328\"]}]},{\"@type\":\"ImageObject\",\"inLanguage\":\"en-GB\",\"@id\":\"https:\\\/\\\/mariehelenecussac.eu\\\/?page_id=328#primaryimage\",\"url\":\"https:\\\/\\\/mariehelenecussac.eu\\\/wp-content\\\/uploads\\\/2010\\\/02\\\/766.gif\",\"contentUrl\":\"https:\\\/\\\/mariehelenecussac.eu\\\/wp-content\\\/uploads\\\/2010\\\/02\\\/766.gif\"},{\"@type\":\"BreadcrumbList\",\"@id\":\"https:\\\/\\\/mariehelenecussac.eu\\\/?page_id=328#breadcrumb\",\"itemListElement\":[{\"@type\":\"ListItem\",\"position\":1,\"name\":\"Home\",\"item\":\"https:\\\/\\\/mariehelenecussac.eu\\\/\"},{\"@type\":\"ListItem\",\"position\":2,\"name\":\"eu affairs\",\"item\":\"https:\\\/\\\/mariehelenecussac.eu\\\/?page_id=17\"},{\"@type\":\"ListItem\",\"position\":3,\"name\":\"teaching . training\"}]},{\"@type\":\"WebSite\",\"@id\":\"https:\\\/\\\/mariehelenecussac.eu\\\/#website\",\"url\":\"https:\\\/\\\/mariehelenecussac.eu\\\/\",\"name\":\"Marie-H\u00e9l\u00e8ne Cussac\",\"description\":\"Lead with empathy to unleash creativity\",\"publisher\":{\"@id\":\"https:\\\/\\\/mariehelenecussac.eu\\\/#organization\"},\"potentialAction\":[{\"@type\":\"SearchAction\",\"target\":{\"@type\":\"EntryPoint\",\"urlTemplate\":\"https:\\\/\\\/mariehelenecussac.eu\\\/?s={search_term_string}\"},\"query-input\":{\"@type\":\"PropertyValueSpecification\",\"valueRequired\":true,\"valueName\":\"search_term_string\"}}],\"inLanguage\":\"en-GB\"},{\"@type\":\"Organization\",\"@id\":\"https:\\\/\\\/mariehelenecussac.eu\\\/#organization\",\"name\":\"Marie-H\u00e9l\u00e8ne Cussac\",\"url\":\"https:\\\/\\\/mariehelenecussac.eu\\\/\",\"logo\":{\"@type\":\"ImageObject\",\"inLanguage\":\"en-GB\",\"@id\":\"https:\\\/\\\/mariehelenecussac.eu\\\/#\\\/schema\\\/logo\\\/image\\\/\",\"url\":\"https:\\\/\\\/mariehelenecussac.eu\\\/wp-content\\\/uploads\\\/2020\\\/09\\\/cropped-cropped-IMG_0148-1.jpg\",\"contentUrl\":\"https:\\\/\\\/mariehelenecussac.eu\\\/wp-content\\\/uploads\\\/2020\\\/09\\\/cropped-cropped-IMG_0148-1.jpg\",\"width\":2494,\"height\":559,\"caption\":\"Marie-H\u00e9l\u00e8ne Cussac\"},\"image\":{\"@id\":\"https:\\\/\\\/mariehelenecussac.eu\\\/#\\\/schema\\\/logo\\\/image\\\/\"}}]}<\/script>\n<!-- \/ Yoast SEO plugin. -->","yoast_head_json":{"title":"teaching . training - Marie-H\u00e9l\u00e8ne Cussac","robots":{"index":"index","follow":"follow","max-snippet":"max-snippet:-1","max-image-preview":"max-image-preview:large","max-video-preview":"max-video-preview:-1"},"canonical":"https:\/\/mariehelenecussac.eu\/?page_id=328","og_locale":"en_GB","og_type":"article","og_title":"teaching . training - Marie-H\u00e9l\u00e8ne Cussac","og_description":"Once back in France, Marie-H\u00e9l\u00e8ne&#8217;s been sharing her expertise with ambitious students at inspiring schools such as ESCP Europe, La Sorbonne nouvelle-Paris 3, the Media School Group (London, Nice, Paris), ...","og_url":"https:\/\/mariehelenecussac.eu\/?page_id=328","og_site_name":"Marie-H\u00e9l\u00e8ne Cussac","og_image":[{"url":"https:\/\/mariehelenecussac.eu\/wp-content\/uploads\/2010\/02\/766.gif","type":"","width":"","height":""}],"twitter_card":"summary_large_image","twitter_misc":{"Estimated reading time":"1 minute"},"schema":{"@context":"https:\/\/schema.org","@graph":[{"@type":"WebPage","@id":"https:\/\/mariehelenecussac.eu\/?page_id=328","url":"https:\/\/mariehelenecussac.eu\/?page_id=328","name":"teaching . training - Marie-H\u00e9l\u00e8ne Cussac","isPartOf":{"@id":"https:\/\/mariehelenecussac.eu\/#website"},"primaryImageOfPage":{"@id":"https:\/\/mariehelenecussac.eu\/?page_id=328#primaryimage"},"image":{"@id":"https:\/\/mariehelenecussac.eu\/?page_id=328#primaryimage"},"thumbnailUrl":"https:\/\/mariehelenecussac.eu\/wp-content\/uploads\/2010\/02\/766.gif","datePublished":"2010-02-27T16:48:06+00:00","breadcrumb":{"@id":"https:\/\/mariehelenecussac.eu\/?page_id=328#breadcrumb"},"inLanguage":"en-GB","potentialAction":[{"@type":"ReadAction","target":["https:\/\/mariehelenecussac.eu\/?page_id=328"]}]},{"@type":"ImageObject","inLanguage":"en-GB","@id":"https:\/\/mariehelenecussac.eu\/?page_id=328#primaryimage","url":"https:\/\/mariehelenecussac.eu\/wp-content\/uploads\/2010\/02\/766.gif","contentUrl":"https:\/\/mariehelenecussac.eu\/wp-content\/uploads\/2010\/02\/766.gif"},{"@type":"BreadcrumbList","@id":"https:\/\/mariehelenecussac.eu\/?page_id=328#breadcrumb","itemListElement":[{"@type":"ListItem","position":1,"name":"Home","item":"https:\/\/mariehelenecussac.eu\/"},{"@type":"ListItem","position":2,"name":"eu affairs","item":"https:\/\/mariehelenecussac.eu\/?page_id=17"},{"@type":"ListItem","position":3,"name":"teaching . training"}]},{"@type":"WebSite","@id":"https:\/\/mariehelenecussac.eu\/#website","url":"https:\/\/mariehelenecussac.eu\/","name":"Marie-H\u00e9l\u00e8ne Cussac","description":"Lead with empathy to unleash creativity","publisher":{"@id":"https:\/\/mariehelenecussac.eu\/#organization"},"potentialAction":[{"@type":"SearchAction","target":{"@type":"EntryPoint","urlTemplate":"https:\/\/mariehelenecussac.eu\/?s={search_term_string}"},"query-input":{"@type":"PropertyValueSpecification","valueRequired":true,"valueName":"search_term_string"}}],"inLanguage":"en-GB"},{"@type":"Organization","@id":"https:\/\/mariehelenecussac.eu\/#organization","name":"Marie-H\u00e9l\u00e8ne Cussac","url":"https:\/\/mariehelenecussac.eu\/","logo":{"@type":"ImageObject","inLanguage":"en-GB","@id":"https:\/\/mariehelenecussac.eu\/#\/schema\/logo\/image\/","url":"https:\/\/mariehelenecussac.eu\/wp-content\/uploads\/2020\/09\/cropped-cropped-IMG_0148-1.jpg","contentUrl":"https:\/\/mariehelenecussac.eu\/wp-content\/uploads\/2020\/09\/cropped-cropped-IMG_0148-1.jpg","width":2494,"height":559,"caption":"Marie-H\u00e9l\u00e8ne Cussac"},"image":{"@id":"https:\/\/mariehelenecussac.eu\/#\/schema\/logo\/image\/"}}]}},"_links":{"self":[{"href":"https:\/\/mariehelenecussac.eu\/index.php?rest_route=\/wp\/v2\/pages\/328","targetHints":{"allow":["GET"]}}],"collection":[{"href":"https:\/\/mariehelenecussac.eu\/index.php?rest_route=\/wp\/v2\/pages"}],"about":[{"href":"https:\/\/mariehelenecussac.eu\/index.php?rest_route=\/wp\/v2\/types\/page"}],"author":[{"embeddable":true,"href":"https:\/\/mariehelenecussac.eu\/index.php?rest_route=\/wp\/v2\/users\/1"}],"replies":[{"embeddable":true,"href":"https:\/\/mariehelenecussac.eu\/index.php?rest_route=%2Fwp%2Fv2%2Fcomments&post=328"}],"version-history":[{"count":0,"href":"https:\/\/mariehelenecussac.eu\/index.php?rest_route=\/wp\/v2\/pages\/328\/revisions"}],"up":[{"embeddable":true,"href":"https:\/\/mariehelenecussac.eu\/index.php?rest_route=\/wp\/v2\/pages\/17"}],"wp:attachment":[{"href":"https:\/\/mariehelenecussac.eu\/index.php?rest_route=%2Fwp%2Fv2%2Fmedia&parent=328"}],"curies":[{"name":"wp","href":"https:\/\/api.w.org\/{rel}","templated":true}]}}