{"id":17,"date":"2008-03-11T19:04:54","date_gmt":"2008-03-11T18:04:54","guid":{"rendered":"http:\/\/www.cussac.eu\/newsite\/eu-affairs\/"},"modified":"2020-09-28T14:23:05","modified_gmt":"2020-09-28T12:23:05","slug":"eu-affairs","status":"publish","type":"page","link":"https:\/\/mariehelenecussac.eu\/?page_id=17","title":{"rendered":"eu affairs"},"content":{"rendered":"<p>From an early age, Marie-H\u00e9l\u00e8ne&#8217;s been passionate about the EU and started living as an expat&#8217; at the age of 21. After living in 5 different countries and after over 12 years in &amp; around the EU institutions in Brussels, Marie-H\u00e9l\u00e8ne is now delighted to share her experience and expertise.<\/p>\n<ul>\n<li><a href=\"https:\/\/mariehelenecussac.eu\/about\/\">MH&#8217;s story with the EU<\/a><\/li>\n<li><a href=\"https:\/\/mariehelenecussac.eu\/eu-affairs\/areas-of-expertise\/\">EU areas of expertise<\/a><\/li>\n<li><a href=\"https:\/\/mariehelenecussac.eu\/eu-affairs\/training\/\">Training &amp; teaching<\/a><\/li>\n<li><a href=\"https:\/\/mariehelenecussac.eu\/eu-affairs\/writing-editing-publishing\/\">Writing, editing &amp; publishing<\/a><\/li>\n<li>Events organisation <a href=\"https:\/\/mariehelenecussac.eu\/wp-content\/uploads\/2009\/01\/mhcussac_eventsorganisation_en_20090129.pdf\" target=\"_blank\" rel=\"noopener noreferrer\">en<\/a> &#8211; <a href=\"https:\/\/mariehelenecussac.eu\/wp-content\/uploads\/2009\/01\/mhcussac_eventsorganisation_20090126.pdf\" target=\"_blank\" rel=\"noopener noreferrer\">fr\u00a0<\/a><\/li>\n<\/ul>\n<p><img loading=\"lazy\" decoding=\"async\" class=\"wp-image-1309 size-medium alignleft\" src=\"https:\/\/mariehelenecussac.eu\/wp-content\/uploads\/2019\/04\/MHC_LondonFREmbassy-24July2017_Speaking-300x200.jpg\" alt=\"Marie-Helene Cussac addressing Nick Clegg\" width=\"300\" height=\"200\" srcset=\"https:\/\/mariehelenecussac.eu\/wp-content\/uploads\/2019\/04\/MHC_LondonFREmbassy-24July2017_Speaking-300x200.jpg 300w, https:\/\/mariehelenecussac.eu\/wp-content\/uploads\/2019\/04\/MHC_LondonFREmbassy-24July2017_Speaking-1024x683.jpg 1024w, https:\/\/mariehelenecussac.eu\/wp-content\/uploads\/2019\/04\/MHC_LondonFREmbassy-24July2017_Speaking-768x512.jpg 768w, https:\/\/mariehelenecussac.eu\/wp-content\/uploads\/2019\/04\/MHC_LondonFREmbassy-24July2017_Speaking-scaled.jpg 1920w\" sizes=\"auto, (max-width: 300px) 100vw, 300px\" \/> <img loading=\"lazy\" decoding=\"async\" class=\"wp-image-1313 size-medium alignright\" src=\"https:\/\/mariehelenecussac.eu\/wp-content\/uploads\/2019\/04\/MHC_LondonFREmbassy-24July2017_Speaking3.jpg\" alt=\"Marie-Helene Cussac addressing Nick Clegg\" width=\"300\" height=\"200\" \/><\/p>\n<p>&nbsp;<\/p>\n<p>&nbsp;<\/p>\n<p>&nbsp;<\/p>\n<p>&nbsp;<\/p>\n<p>&nbsp;<\/p>\n<p><img loading=\"lazy\" decoding=\"async\" class=\"wp-image-1311 size-medium alignleft\" src=\"https:\/\/mariehelenecussac.eu\/wp-content\/uploads\/2019\/04\/MHC_LondonFREmbassy-24July2017_Speaking2.jpg\" alt=\"Marie-Helene Cussac addressing Nick Clegg\" width=\"300\" height=\"200\" \/><span style=\"color: #808080\"><em>Marie-H\u00e9l\u00e8ne addressing Nick Clegg about Brexit on 24 July 2017, French Embassy in London, College of Europe alumni reception.<\/em><\/span><\/p>\n","protected":false},"excerpt":{"rendered":"<p>From an early age, Marie-H\u00e9l\u00e8ne&#8217;s been passionate about the EU and started living as an expat&#8217; at the age of 21. After living in 5 different countries and after over &#8230;<\/p>\n","protected":false},"author":1,"featured_media":1468,"parent":0,"menu_order":4,"comment_status":"open","ping_status":"open","template":"","meta":{"footnotes":""},"class_list":["post-17","page","type-page","status-publish","has-post-thumbnail","hentry"],"yoast_head":"<!-- This site is optimized with the Yoast SEO plugin v27.3 - https:\/\/yoast.com\/product\/yoast-seo-wordpress\/ -->\n<title>eu affairs - Marie-H\u00e9l\u00e8ne Cussac<\/title>\n<meta name=\"robots\" content=\"index, follow, max-snippet:-1, max-image-preview:large, max-video-preview:-1\" \/>\n<link rel=\"canonical\" href=\"https:\/\/mariehelenecussac.eu\/?page_id=17\" \/>\n<meta property=\"og:locale\" content=\"en_GB\" \/>\n<meta property=\"og:type\" content=\"article\" \/>\n<meta property=\"og:title\" content=\"eu affairs - Marie-H\u00e9l\u00e8ne Cussac\" \/>\n<meta property=\"og:description\" content=\"From an early age, Marie-H\u00e9l\u00e8ne&#8217;s been passionate about the EU and started living as an expat&#8217; at the age of 21. After living in 5 different countries and after over ...\" \/>\n<meta property=\"og:url\" content=\"https:\/\/mariehelenecussac.eu\/?page_id=17\" \/>\n<meta property=\"og:site_name\" content=\"Marie-H\u00e9l\u00e8ne Cussac\" \/>\n<meta property=\"article:modified_time\" content=\"2020-09-28T12:23:05+00:00\" \/>\n<meta property=\"og:image\" content=\"https:\/\/mariehelenecussac.eu\/wp-content\/uploads\/2020\/09\/cropped-IMG_0148-1-2.jpg\" \/>\n\t<meta property=\"og:image:width\" content=\"2500\" \/>\n\t<meta property=\"og:image:height\" content=\"561\" \/>\n\t<meta property=\"og:image:type\" content=\"image\/jpeg\" \/>\n<meta name=\"twitter:card\" content=\"summary_large_image\" \/>\n<script type=\"application\/ld+json\" class=\"yoast-schema-graph\">{\"@context\":\"https:\\\/\\\/schema.org\",\"@graph\":[{\"@type\":\"WebPage\",\"@id\":\"https:\\\/\\\/mariehelenecussac.eu\\\/?page_id=17\",\"url\":\"https:\\\/\\\/mariehelenecussac.eu\\\/?page_id=17\",\"name\":\"eu affairs - Marie-H\u00e9l\u00e8ne Cussac\",\"isPartOf\":{\"@id\":\"https:\\\/\\\/mariehelenecussac.eu\\\/#website\"},\"primaryImageOfPage\":{\"@id\":\"https:\\\/\\\/mariehelenecussac.eu\\\/?page_id=17#primaryimage\"},\"image\":{\"@id\":\"https:\\\/\\\/mariehelenecussac.eu\\\/?page_id=17#primaryimage\"},\"thumbnailUrl\":\"https:\\\/\\\/mariehelenecussac.eu\\\/wp-content\\\/uploads\\\/2020\\\/09\\\/cropped-IMG_0148-1-2.jpg\",\"datePublished\":\"2008-03-11T18:04:54+00:00\",\"dateModified\":\"2020-09-28T12:23:05+00:00\",\"breadcrumb\":{\"@id\":\"https:\\\/\\\/mariehelenecussac.eu\\\/?page_id=17#breadcrumb\"},\"inLanguage\":\"en-GB\",\"potentialAction\":[{\"@type\":\"ReadAction\",\"target\":[\"https:\\\/\\\/mariehelenecussac.eu\\\/?page_id=17\"]}]},{\"@type\":\"ImageObject\",\"inLanguage\":\"en-GB\",\"@id\":\"https:\\\/\\\/mariehelenecussac.eu\\\/?page_id=17#primaryimage\",\"url\":\"https:\\\/\\\/mariehelenecussac.eu\\\/wp-content\\\/uploads\\\/2020\\\/09\\\/cropped-IMG_0148-1-2.jpg\",\"contentUrl\":\"https:\\\/\\\/mariehelenecussac.eu\\\/wp-content\\\/uploads\\\/2020\\\/09\\\/cropped-IMG_0148-1-2.jpg\",\"width\":2500,\"height\":561},{\"@type\":\"BreadcrumbList\",\"@id\":\"https:\\\/\\\/mariehelenecussac.eu\\\/?page_id=17#breadcrumb\",\"itemListElement\":[{\"@type\":\"ListItem\",\"position\":1,\"name\":\"Home\",\"item\":\"https:\\\/\\\/mariehelenecussac.eu\\\/\"},{\"@type\":\"ListItem\",\"position\":2,\"name\":\"eu affairs\"}]},{\"@type\":\"WebSite\",\"@id\":\"https:\\\/\\\/mariehelenecussac.eu\\\/#website\",\"url\":\"https:\\\/\\\/mariehelenecussac.eu\\\/\",\"name\":\"Marie-H\u00e9l\u00e8ne Cussac\",\"description\":\"Lead with empathy to unleash creativity\",\"publisher\":{\"@id\":\"https:\\\/\\\/mariehelenecussac.eu\\\/#organization\"},\"potentialAction\":[{\"@type\":\"SearchAction\",\"target\":{\"@type\":\"EntryPoint\",\"urlTemplate\":\"https:\\\/\\\/mariehelenecussac.eu\\\/?s={search_term_string}\"},\"query-input\":{\"@type\":\"PropertyValueSpecification\",\"valueRequired\":true,\"valueName\":\"search_term_string\"}}],\"inLanguage\":\"en-GB\"},{\"@type\":\"Organization\",\"@id\":\"https:\\\/\\\/mariehelenecussac.eu\\\/#organization\",\"name\":\"Marie-H\u00e9l\u00e8ne Cussac\",\"url\":\"https:\\\/\\\/mariehelenecussac.eu\\\/\",\"logo\":{\"@type\":\"ImageObject\",\"inLanguage\":\"en-GB\",\"@id\":\"https:\\\/\\\/mariehelenecussac.eu\\\/#\\\/schema\\\/logo\\\/image\\\/\",\"url\":\"https:\\\/\\\/mariehelenecussac.eu\\\/wp-content\\\/uploads\\\/2020\\\/09\\\/cropped-cropped-IMG_0148-1.jpg\",\"contentUrl\":\"https:\\\/\\\/mariehelenecussac.eu\\\/wp-content\\\/uploads\\\/2020\\\/09\\\/cropped-cropped-IMG_0148-1.jpg\",\"width\":2494,\"height\":559,\"caption\":\"Marie-H\u00e9l\u00e8ne Cussac\"},\"image\":{\"@id\":\"https:\\\/\\\/mariehelenecussac.eu\\\/#\\\/schema\\\/logo\\\/image\\\/\"}}]}<\/script>\n<!-- \/ Yoast SEO plugin. -->","yoast_head_json":{"title":"eu affairs - Marie-H\u00e9l\u00e8ne Cussac","robots":{"index":"index","follow":"follow","max-snippet":"max-snippet:-1","max-image-preview":"max-image-preview:large","max-video-preview":"max-video-preview:-1"},"canonical":"https:\/\/mariehelenecussac.eu\/?page_id=17","og_locale":"en_GB","og_type":"article","og_title":"eu affairs - Marie-H\u00e9l\u00e8ne Cussac","og_description":"From an early age, Marie-H\u00e9l\u00e8ne&#8217;s been passionate about the EU and started living as an expat&#8217; at the age of 21. After living in 5 different countries and after over ...","og_url":"https:\/\/mariehelenecussac.eu\/?page_id=17","og_site_name":"Marie-H\u00e9l\u00e8ne Cussac","article_modified_time":"2020-09-28T12:23:05+00:00","og_image":[{"width":2500,"height":561,"url":"https:\/\/mariehelenecussac.eu\/wp-content\/uploads\/2020\/09\/cropped-IMG_0148-1-2.jpg","type":"image\/jpeg"}],"twitter_card":"summary_large_image","schema":{"@context":"https:\/\/schema.org","@graph":[{"@type":"WebPage","@id":"https:\/\/mariehelenecussac.eu\/?page_id=17","url":"https:\/\/mariehelenecussac.eu\/?page_id=17","name":"eu affairs - Marie-H\u00e9l\u00e8ne Cussac","isPartOf":{"@id":"https:\/\/mariehelenecussac.eu\/#website"},"primaryImageOfPage":{"@id":"https:\/\/mariehelenecussac.eu\/?page_id=17#primaryimage"},"image":{"@id":"https:\/\/mariehelenecussac.eu\/?page_id=17#primaryimage"},"thumbnailUrl":"https:\/\/mariehelenecussac.eu\/wp-content\/uploads\/2020\/09\/cropped-IMG_0148-1-2.jpg","datePublished":"2008-03-11T18:04:54+00:00","dateModified":"2020-09-28T12:23:05+00:00","breadcrumb":{"@id":"https:\/\/mariehelenecussac.eu\/?page_id=17#breadcrumb"},"inLanguage":"en-GB","potentialAction":[{"@type":"ReadAction","target":["https:\/\/mariehelenecussac.eu\/?page_id=17"]}]},{"@type":"ImageObject","inLanguage":"en-GB","@id":"https:\/\/mariehelenecussac.eu\/?page_id=17#primaryimage","url":"https:\/\/mariehelenecussac.eu\/wp-content\/uploads\/2020\/09\/cropped-IMG_0148-1-2.jpg","contentUrl":"https:\/\/mariehelenecussac.eu\/wp-content\/uploads\/2020\/09\/cropped-IMG_0148-1-2.jpg","width":2500,"height":561},{"@type":"BreadcrumbList","@id":"https:\/\/mariehelenecussac.eu\/?page_id=17#breadcrumb","itemListElement":[{"@type":"ListItem","position":1,"name":"Home","item":"https:\/\/mariehelenecussac.eu\/"},{"@type":"ListItem","position":2,"name":"eu affairs"}]},{"@type":"WebSite","@id":"https:\/\/mariehelenecussac.eu\/#website","url":"https:\/\/mariehelenecussac.eu\/","name":"Marie-H\u00e9l\u00e8ne Cussac","description":"Lead with empathy to unleash creativity","publisher":{"@id":"https:\/\/mariehelenecussac.eu\/#organization"},"potentialAction":[{"@type":"SearchAction","target":{"@type":"EntryPoint","urlTemplate":"https:\/\/mariehelenecussac.eu\/?s={search_term_string}"},"query-input":{"@type":"PropertyValueSpecification","valueRequired":true,"valueName":"search_term_string"}}],"inLanguage":"en-GB"},{"@type":"Organization","@id":"https:\/\/mariehelenecussac.eu\/#organization","name":"Marie-H\u00e9l\u00e8ne Cussac","url":"https:\/\/mariehelenecussac.eu\/","logo":{"@type":"ImageObject","inLanguage":"en-GB","@id":"https:\/\/mariehelenecussac.eu\/#\/schema\/logo\/image\/","url":"https:\/\/mariehelenecussac.eu\/wp-content\/uploads\/2020\/09\/cropped-cropped-IMG_0148-1.jpg","contentUrl":"https:\/\/mariehelenecussac.eu\/wp-content\/uploads\/2020\/09\/cropped-cropped-IMG_0148-1.jpg","width":2494,"height":559,"caption":"Marie-H\u00e9l\u00e8ne Cussac"},"image":{"@id":"https:\/\/mariehelenecussac.eu\/#\/schema\/logo\/image\/"}}]}},"_links":{"self":[{"href":"https:\/\/mariehelenecussac.eu\/index.php?rest_route=\/wp\/v2\/pages\/17","targetHints":{"allow":["GET"]}}],"collection":[{"href":"https:\/\/mariehelenecussac.eu\/index.php?rest_route=\/wp\/v2\/pages"}],"about":[{"href":"https:\/\/mariehelenecussac.eu\/index.php?rest_route=\/wp\/v2\/types\/page"}],"author":[{"embeddable":true,"href":"https:\/\/mariehelenecussac.eu\/index.php?rest_route=\/wp\/v2\/users\/1"}],"replies":[{"embeddable":true,"href":"https:\/\/mariehelenecussac.eu\/index.php?rest_route=%2Fwp%2Fv2%2Fcomments&post=17"}],"version-history":[{"count":3,"href":"https:\/\/mariehelenecussac.eu\/index.php?rest_route=\/wp\/v2\/pages\/17\/revisions"}],"predecessor-version":[{"id":1389,"href":"https:\/\/mariehelenecussac.eu\/index.php?rest_route=\/wp\/v2\/pages\/17\/revisions\/1389"}],"wp:featuredmedia":[{"embeddable":true,"href":"https:\/\/mariehelenecussac.eu\/index.php?rest_route=\/wp\/v2\/media\/1468"}],"wp:attachment":[{"href":"https:\/\/mariehelenecussac.eu\/index.php?rest_route=%2Fwp%2Fv2%2Fmedia&parent=17"}],"curies":[{"name":"wp","href":"https:\/\/api.w.org\/{rel}","templated":true}]}}