{"id":1365,"date":"2020-09-28T13:15:48","date_gmt":"2020-09-28T11:15:48","guid":{"rendered":"https:\/\/mariehelenecussac.eu\/?page_id=1365"},"modified":"2026-04-13T17:15:31","modified_gmt":"2026-04-13T15:15:31","slug":"home","status":"publish","type":"page","link":"https:\/\/mariehelenecussac.eu\/","title":{"rendered":"home"},"content":{"rendered":"<h2 style=\"text-align: center\"><strong><em><span style=\"color: #808080\">Marie-H\u00e9l\u00e8ne is the inventor of a unique method leading people to get heard, discover empathetic leadership, and develop creativity management. <\/span><\/em><\/strong><\/h2>\n<h3><\/h3>\n<p>&nbsp;<\/p>\n<h3 style=\"text-align: center\"><span style=\"color: #808080\">Both a classical singer and a communications expert, Marie-H\u00e9l\u00e8ne indeed leads you to <span style=\"color: #f18b6d\"><strong>discover your voice<\/strong><\/span> and accompanies you throughout that <span style=\"color: #f18b6d\"><strong>self-awareness journey<\/strong><\/span>, leading to the <span style=\"color: #f18b6d\"><strong>most outstanding results in team management and creative thinking<\/strong><\/span>.<\/span><\/h3>\n<p>&nbsp;<\/p>\n<p><img loading=\"lazy\" decoding=\"async\" class=\"wp-image-104206 size-thumbnail alignleft\" src=\"https:\/\/mariehelenecussac.eu\/wp-content\/uploads\/2026\/04\/IMG_2258-150x150.jpeg\" alt=\"\" width=\"150\" height=\"150\" \/>You&#8217;re dying to <strong>get heard<\/strong> *and <strong>listened to<\/strong> and\/or you badly want to <strong>unleash your creativity<\/strong>? You&#8217;re in the right place!<\/p>\n<p>EN:\u00a0<strong><a href=\"https:\/\/creativity.mariehelenecussac.eu\" target=\"_blank\" rel=\"noopener\">creativity.mariehelenecussac.eu<\/a><br \/>\n<\/strong>FR:<b> <a href=\"https:\/\/creativite.mariehelenecussac.eu\" target=\"_blank\" rel=\"noopener\">creativite.mariehelenecussac.eu<\/a>\u00a0<\/b><\/p>\n<p>For the past 10 years, I have helped hundreds feel more confident and safer in their work environment &amp; teams. I work on empathetic leadership to allow to bloom and unleash creativity.<br \/>\nDiscover all about my <strong>SOPRANO &amp; HORSES<\/strong> signature programme <strong>LEAD TO UNLEASH CREATIVITY<\/strong>.<\/p>\n<p>&nbsp;<\/p>\n<p><img loading=\"lazy\" decoding=\"async\" class=\"alignleft wp-image-1425 size-thumbnail\" src=\"https:\/\/mariehelenecussac.eu\/wp-content\/uploads\/2020\/10\/mhSingingShot-cropped-150x150.png\" alt=\"Marie-Helene Cussac performing live in concert\" width=\"150\" height=\"150\" \/>If curious about how I know so much about voice, come and see me at my next concert: EN: <a href=\"https:\/\/soprano.mariehelenecussac.eu\" target=\"_blank\" rel=\"noopener noreferrer\"><strong>soprano.mariehelenecussac.eu<\/strong><\/a><br \/>\nFR: <a href=\"https:\/\/soprane.mariehelenecussac.eu\" target=\"_blank\" rel=\"noopener\"><strong>soprane.mariehelenecussac.eu<\/strong><\/a><\/p>\n<p>Trained as a pianist and later as a lyrical singer and conductor, Marie-H\u00e9l\u00e8ne is a passionate European who has devoted her energy to communication challenges, from choral conducting to European affairs in Brussels. After 12 years living and working around the US and the EU institutions, MH is now based in Paris. Besides singing performances, she shares her experience coaching executives &amp; ambitious students.<\/p>\n<p>&nbsp;<\/p>\n","protected":false},"excerpt":{"rendered":"<p>Marie-H\u00e9l\u00e8ne is the inventor of a unique method leading people to get heard, discover empathetic leadership, and develop creativity management. &nbsp; Both a classical singer and a communications expert, Marie-H\u00e9l\u00e8ne &#8230;<\/p>\n","protected":false},"author":2,"featured_media":0,"parent":0,"menu_order":0,"comment_status":"closed","ping_status":"closed","template":"","meta":{"footnotes":""},"class_list":["post-1365","page","type-page","status-publish","hentry"],"yoast_head":"<!-- This site is optimized with the Yoast SEO plugin v27.3 - https:\/\/yoast.com\/product\/yoast-seo-wordpress\/ -->\n<title>home - Marie-H\u00e9l\u00e8ne Cussac<\/title>\n<meta name=\"robots\" content=\"index, follow, max-snippet:-1, max-image-preview:large, max-video-preview:-1\" \/>\n<link rel=\"canonical\" href=\"https:\/\/mariehelenecussac.eu\/\" \/>\n<meta property=\"og:locale\" content=\"en_GB\" \/>\n<meta property=\"og:type\" content=\"article\" \/>\n<meta property=\"og:title\" content=\"home - Marie-H\u00e9l\u00e8ne Cussac\" \/>\n<meta property=\"og:description\" content=\"Marie-H\u00e9l\u00e8ne is the inventor of a unique method leading people to get heard, discover empathetic leadership, and develop creativity management. &nbsp; Both a classical singer and a communications expert, Marie-H\u00e9l\u00e8ne ...\" \/>\n<meta property=\"og:url\" content=\"https:\/\/mariehelenecussac.eu\/\" \/>\n<meta property=\"og:site_name\" content=\"Marie-H\u00e9l\u00e8ne Cussac\" \/>\n<meta property=\"article:modified_time\" content=\"2026-04-13T15:15:31+00:00\" \/>\n<meta property=\"og:image\" content=\"https:\/\/mariehelenecussac.eu\/wp-content\/uploads\/2026\/04\/IMG_2258.jpeg\" \/>\n\t<meta property=\"og:image:width\" content=\"1536\" \/>\n\t<meta property=\"og:image:height\" content=\"2048\" \/>\n\t<meta property=\"og:image:type\" content=\"image\/jpeg\" \/>\n<meta name=\"twitter:card\" content=\"summary_large_image\" \/>\n<meta name=\"twitter:label1\" content=\"Estimated reading time\" \/>\n\t<meta name=\"twitter:data1\" content=\"2 minutes\" \/>\n<script type=\"application\/ld+json\" class=\"yoast-schema-graph\">{\"@context\":\"https:\\\/\\\/schema.org\",\"@graph\":[{\"@type\":\"WebPage\",\"@id\":\"https:\\\/\\\/mariehelenecussac.eu\\\/\",\"url\":\"https:\\\/\\\/mariehelenecussac.eu\\\/\",\"name\":\"home - Marie-H\u00e9l\u00e8ne Cussac\",\"isPartOf\":{\"@id\":\"https:\\\/\\\/mariehelenecussac.eu\\\/#website\"},\"primaryImageOfPage\":{\"@id\":\"https:\\\/\\\/mariehelenecussac.eu\\\/#primaryimage\"},\"image\":{\"@id\":\"https:\\\/\\\/mariehelenecussac.eu\\\/#primaryimage\"},\"thumbnailUrl\":\"https:\\\/\\\/mariehelenecussac.eu\\\/wp-content\\\/uploads\\\/2026\\\/04\\\/IMG_2258-150x150.jpeg\",\"datePublished\":\"2020-09-28T11:15:48+00:00\",\"dateModified\":\"2026-04-13T15:15:31+00:00\",\"breadcrumb\":{\"@id\":\"https:\\\/\\\/mariehelenecussac.eu\\\/#breadcrumb\"},\"inLanguage\":\"en-GB\",\"potentialAction\":[{\"@type\":\"ReadAction\",\"target\":[\"https:\\\/\\\/mariehelenecussac.eu\\\/\"]}]},{\"@type\":\"ImageObject\",\"inLanguage\":\"en-GB\",\"@id\":\"https:\\\/\\\/mariehelenecussac.eu\\\/#primaryimage\",\"url\":\"https:\\\/\\\/mariehelenecussac.eu\\\/wp-content\\\/uploads\\\/2026\\\/04\\\/IMG_2258.jpeg\",\"contentUrl\":\"https:\\\/\\\/mariehelenecussac.eu\\\/wp-content\\\/uploads\\\/2026\\\/04\\\/IMG_2258.jpeg\",\"width\":1536,\"height\":2048},{\"@type\":\"BreadcrumbList\",\"@id\":\"https:\\\/\\\/mariehelenecussac.eu\\\/#breadcrumb\",\"itemListElement\":[{\"@type\":\"ListItem\",\"position\":1,\"name\":\"Home\",\"item\":\"https:\\\/\\\/mariehelenecussac.eu\\\/\"},{\"@type\":\"ListItem\",\"position\":2,\"name\":\"home\"}]},{\"@type\":\"WebSite\",\"@id\":\"https:\\\/\\\/mariehelenecussac.eu\\\/#website\",\"url\":\"https:\\\/\\\/mariehelenecussac.eu\\\/\",\"name\":\"Marie-H\u00e9l\u00e8ne Cussac\",\"description\":\"Lead with empathy to unleash creativity\",\"publisher\":{\"@id\":\"https:\\\/\\\/mariehelenecussac.eu\\\/#organization\"},\"potentialAction\":[{\"@type\":\"SearchAction\",\"target\":{\"@type\":\"EntryPoint\",\"urlTemplate\":\"https:\\\/\\\/mariehelenecussac.eu\\\/?s={search_term_string}\"},\"query-input\":{\"@type\":\"PropertyValueSpecification\",\"valueRequired\":true,\"valueName\":\"search_term_string\"}}],\"inLanguage\":\"en-GB\"},{\"@type\":\"Organization\",\"@id\":\"https:\\\/\\\/mariehelenecussac.eu\\\/#organization\",\"name\":\"Marie-H\u00e9l\u00e8ne Cussac\",\"url\":\"https:\\\/\\\/mariehelenecussac.eu\\\/\",\"logo\":{\"@type\":\"ImageObject\",\"inLanguage\":\"en-GB\",\"@id\":\"https:\\\/\\\/mariehelenecussac.eu\\\/#\\\/schema\\\/logo\\\/image\\\/\",\"url\":\"https:\\\/\\\/mariehelenecussac.eu\\\/wp-content\\\/uploads\\\/2020\\\/09\\\/cropped-cropped-IMG_0148-1.jpg\",\"contentUrl\":\"https:\\\/\\\/mariehelenecussac.eu\\\/wp-content\\\/uploads\\\/2020\\\/09\\\/cropped-cropped-IMG_0148-1.jpg\",\"width\":2494,\"height\":559,\"caption\":\"Marie-H\u00e9l\u00e8ne Cussac\"},\"image\":{\"@id\":\"https:\\\/\\\/mariehelenecussac.eu\\\/#\\\/schema\\\/logo\\\/image\\\/\"}}]}<\/script>\n<!-- \/ Yoast SEO plugin. -->","yoast_head_json":{"title":"home - Marie-H\u00e9l\u00e8ne Cussac","robots":{"index":"index","follow":"follow","max-snippet":"max-snippet:-1","max-image-preview":"max-image-preview:large","max-video-preview":"max-video-preview:-1"},"canonical":"https:\/\/mariehelenecussac.eu\/","og_locale":"en_GB","og_type":"article","og_title":"home - Marie-H\u00e9l\u00e8ne Cussac","og_description":"Marie-H\u00e9l\u00e8ne is the inventor of a unique method leading people to get heard, discover empathetic leadership, and develop creativity management. &nbsp; Both a classical singer and a communications expert, Marie-H\u00e9l\u00e8ne ...","og_url":"https:\/\/mariehelenecussac.eu\/","og_site_name":"Marie-H\u00e9l\u00e8ne Cussac","article_modified_time":"2026-04-13T15:15:31+00:00","og_image":[{"width":1536,"height":2048,"url":"https:\/\/mariehelenecussac.eu\/wp-content\/uploads\/2026\/04\/IMG_2258.jpeg","type":"image\/jpeg"}],"twitter_card":"summary_large_image","twitter_misc":{"Estimated reading time":"2 minutes"},"schema":{"@context":"https:\/\/schema.org","@graph":[{"@type":"WebPage","@id":"https:\/\/mariehelenecussac.eu\/","url":"https:\/\/mariehelenecussac.eu\/","name":"home - Marie-H\u00e9l\u00e8ne Cussac","isPartOf":{"@id":"https:\/\/mariehelenecussac.eu\/#website"},"primaryImageOfPage":{"@id":"https:\/\/mariehelenecussac.eu\/#primaryimage"},"image":{"@id":"https:\/\/mariehelenecussac.eu\/#primaryimage"},"thumbnailUrl":"https:\/\/mariehelenecussac.eu\/wp-content\/uploads\/2026\/04\/IMG_2258-150x150.jpeg","datePublished":"2020-09-28T11:15:48+00:00","dateModified":"2026-04-13T15:15:31+00:00","breadcrumb":{"@id":"https:\/\/mariehelenecussac.eu\/#breadcrumb"},"inLanguage":"en-GB","potentialAction":[{"@type":"ReadAction","target":["https:\/\/mariehelenecussac.eu\/"]}]},{"@type":"ImageObject","inLanguage":"en-GB","@id":"https:\/\/mariehelenecussac.eu\/#primaryimage","url":"https:\/\/mariehelenecussac.eu\/wp-content\/uploads\/2026\/04\/IMG_2258.jpeg","contentUrl":"https:\/\/mariehelenecussac.eu\/wp-content\/uploads\/2026\/04\/IMG_2258.jpeg","width":1536,"height":2048},{"@type":"BreadcrumbList","@id":"https:\/\/mariehelenecussac.eu\/#breadcrumb","itemListElement":[{"@type":"ListItem","position":1,"name":"Home","item":"https:\/\/mariehelenecussac.eu\/"},{"@type":"ListItem","position":2,"name":"home"}]},{"@type":"WebSite","@id":"https:\/\/mariehelenecussac.eu\/#website","url":"https:\/\/mariehelenecussac.eu\/","name":"Marie-H\u00e9l\u00e8ne Cussac","description":"Lead with empathy to unleash creativity","publisher":{"@id":"https:\/\/mariehelenecussac.eu\/#organization"},"potentialAction":[{"@type":"SearchAction","target":{"@type":"EntryPoint","urlTemplate":"https:\/\/mariehelenecussac.eu\/?s={search_term_string}"},"query-input":{"@type":"PropertyValueSpecification","valueRequired":true,"valueName":"search_term_string"}}],"inLanguage":"en-GB"},{"@type":"Organization","@id":"https:\/\/mariehelenecussac.eu\/#organization","name":"Marie-H\u00e9l\u00e8ne Cussac","url":"https:\/\/mariehelenecussac.eu\/","logo":{"@type":"ImageObject","inLanguage":"en-GB","@id":"https:\/\/mariehelenecussac.eu\/#\/schema\/logo\/image\/","url":"https:\/\/mariehelenecussac.eu\/wp-content\/uploads\/2020\/09\/cropped-cropped-IMG_0148-1.jpg","contentUrl":"https:\/\/mariehelenecussac.eu\/wp-content\/uploads\/2020\/09\/cropped-cropped-IMG_0148-1.jpg","width":2494,"height":559,"caption":"Marie-H\u00e9l\u00e8ne Cussac"},"image":{"@id":"https:\/\/mariehelenecussac.eu\/#\/schema\/logo\/image\/"}}]}},"_links":{"self":[{"href":"https:\/\/mariehelenecussac.eu\/index.php?rest_route=\/wp\/v2\/pages\/1365","targetHints":{"allow":["GET"]}}],"collection":[{"href":"https:\/\/mariehelenecussac.eu\/index.php?rest_route=\/wp\/v2\/pages"}],"about":[{"href":"https:\/\/mariehelenecussac.eu\/index.php?rest_route=\/wp\/v2\/types\/page"}],"author":[{"embeddable":true,"href":"https:\/\/mariehelenecussac.eu\/index.php?rest_route=\/wp\/v2\/users\/2"}],"replies":[{"embeddable":true,"href":"https:\/\/mariehelenecussac.eu\/index.php?rest_route=%2Fwp%2Fv2%2Fcomments&post=1365"}],"version-history":[{"count":32,"href":"https:\/\/mariehelenecussac.eu\/index.php?rest_route=\/wp\/v2\/pages\/1365\/revisions"}],"predecessor-version":[{"id":104223,"href":"https:\/\/mariehelenecussac.eu\/index.php?rest_route=\/wp\/v2\/pages\/1365\/revisions\/104223"}],"wp:attachment":[{"href":"https:\/\/mariehelenecussac.eu\/index.php?rest_route=%2Fwp%2Fv2%2Fmedia&parent=1365"}],"curies":[{"name":"wp","href":"https:\/\/api.w.org\/{rel}","templated":true}]}}