{"id":13,"date":"2008-02-28T18:07:43","date_gmt":"2008-02-28T17:07:43","guid":{"rendered":"http:\/\/www.cussac.eu\/newsite\/?page_id=4"},"modified":"2022-03-30T11:07:28","modified_gmt":"2022-03-30T09:07:28","slug":"home-old","status":"publish","type":"page","link":"https:\/\/mariehelenecussac.eu\/?page_id=13","title":{"rendered":"home OLD SITE"},"content":{"rendered":"<h4><span style=\"color: #008000\"><strong>WARNING: Marie-H\u00e9l\u00e8ne Cussac&#8217;s past websites are being re-organised these very days. This site is hence under re-construction.<\/strong> <\/span><\/h4>\n<p>Be it in music, fashion and floral design, teaching, writing and publishing or\u00a0European politics, one always needs to be creative.<\/p>\n<table style=\"height: 63px\" border=\"0\" width=\"751\">\n<tbody>\n<tr>\n<td style=\"background-color: #000000\" align=\"left\" valign=\"middle\">\n<h2 style=\"text-align: left\"><span style=\"color: #c0c0c0\"> <span style=\"color: #000000\"><br \/>\ng<\/span><a title=\"my blog\" href=\"http:\/\/www.cussac.eu\/blog\/\">blog<\/a><span style=\"color: #000000\">g<span style=\"color: #000000\">ggggggggiggggggggg<\/span><\/span><br \/>\n<\/span><\/h2>\n<\/td>\n<td><span style=\"color: #ffffff\">\u00a0<\/span><\/td>\n<td style=\"background-color: #000000\"><span style=\"color: #c0c0c0\"> <span style=\"color: #000000\">g<\/span><span style=\"color: #aea58e\">I like to observe, listen and read.<br \/>\n<span style=\"color: #000000\">g<\/span>I&#8217;m happy to share <span style=\"color: #72684f\"><a title=\"my blog\" href=\"http:\/\/www.cussac.eu\/blog\/\" target=\"_self\" rel=\"noopener noreferrer\">my\u00a0 p i c k s<\/a><\/span>,\u00a0 let&#8217;s blog!<\/span> <\/span><\/td>\n<\/tr>\n<tr>\n<td><span style=\"color: #ffffff\">\u00a0<\/span><\/td>\n<td><\/td>\n<td><\/td>\n<\/tr>\n<\/tbody>\n<\/table>\n<p><a href=\"http:\/\/www.cussac.eu\/eu-affairs\/\"><img decoding=\"async\" src=\"https:\/\/mariehelenecussac.eu\/wp-content\/uploads\/2008\/03\/eu-affairs.jpg\" alt=\"EU Affairs\" border=\"0\" \/><\/a><a href=\"http:\/\/www.cussac.eu\/artistic-work\/\"><img decoding=\"async\" src=\"https:\/\/mariehelenecussac.eu\/wp-content\/uploads\/2008\/03\/artistic-work.jpg\" alt=\"Artistic Work\" border=\"0\" \/><br \/>\n\/\/<br \/>\n<\/a><\/p>\n","protected":false},"excerpt":{"rendered":"<p>WARNING: Marie-H\u00e9l\u00e8ne Cussac&#8217;s past websites are being re-organised these very days. This site is hence under re-construction. Be it in music, fashion and floral design, teaching, writing and publishing or\u00a0European &#8230;<\/p>\n","protected":false},"author":1,"featured_media":0,"parent":0,"menu_order":0,"comment_status":"open","ping_status":"closed","template":"","meta":{"footnotes":""},"class_list":["post-13","page","type-page","status-publish","hentry"],"yoast_head":"<!-- This site is optimized with the Yoast SEO plugin v27.3 - https:\/\/yoast.com\/product\/yoast-seo-wordpress\/ -->\n<title>home OLD SITE - Marie-H\u00e9l\u00e8ne Cussac<\/title>\n<meta name=\"robots\" content=\"index, follow, max-snippet:-1, max-image-preview:large, max-video-preview:-1\" \/>\n<link rel=\"canonical\" href=\"https:\/\/mariehelenecussac.eu\/?page_id=13\" \/>\n<meta property=\"og:locale\" content=\"en_GB\" \/>\n<meta property=\"og:type\" content=\"article\" \/>\n<meta property=\"og:title\" content=\"home OLD SITE - Marie-H\u00e9l\u00e8ne Cussac\" \/>\n<meta property=\"og:description\" content=\"WARNING: Marie-H\u00e9l\u00e8ne Cussac&#8217;s past websites are being re-organised these very days. This site is hence under re-construction. Be it in music, fashion and floral design, teaching, writing and publishing or\u00a0European ...\" \/>\n<meta property=\"og:url\" content=\"https:\/\/mariehelenecussac.eu\/?page_id=13\" \/>\n<meta property=\"og:site_name\" content=\"Marie-H\u00e9l\u00e8ne Cussac\" \/>\n<meta property=\"article:modified_time\" content=\"2022-03-30T09:07:28+00:00\" \/>\n<meta property=\"og:image\" content=\"https:\/\/mariehelenecussac.eu\/wp-content\/uploads\/2008\/03\/eu-affairs.jpg\" \/>\n<meta name=\"twitter:card\" content=\"summary_large_image\" \/>\n<script type=\"application\/ld+json\" class=\"yoast-schema-graph\">{\"@context\":\"https:\\\/\\\/schema.org\",\"@graph\":[{\"@type\":\"WebPage\",\"@id\":\"https:\\\/\\\/mariehelenecussac.eu\\\/?page_id=13\",\"url\":\"https:\\\/\\\/mariehelenecussac.eu\\\/?page_id=13\",\"name\":\"home OLD SITE - Marie-H\u00e9l\u00e8ne Cussac\",\"isPartOf\":{\"@id\":\"https:\\\/\\\/mariehelenecussac.eu\\\/#website\"},\"primaryImageOfPage\":{\"@id\":\"https:\\\/\\\/mariehelenecussac.eu\\\/?page_id=13#primaryimage\"},\"image\":{\"@id\":\"https:\\\/\\\/mariehelenecussac.eu\\\/?page_id=13#primaryimage\"},\"thumbnailUrl\":\"https:\\\/\\\/mariehelenecussac.eu\\\/wp-content\\\/uploads\\\/2008\\\/03\\\/eu-affairs.jpg\",\"datePublished\":\"2008-02-28T17:07:43+00:00\",\"dateModified\":\"2022-03-30T09:07:28+00:00\",\"breadcrumb\":{\"@id\":\"https:\\\/\\\/mariehelenecussac.eu\\\/?page_id=13#breadcrumb\"},\"inLanguage\":\"en-GB\",\"potentialAction\":[{\"@type\":\"ReadAction\",\"target\":[\"https:\\\/\\\/mariehelenecussac.eu\\\/?page_id=13\"]}]},{\"@type\":\"ImageObject\",\"inLanguage\":\"en-GB\",\"@id\":\"https:\\\/\\\/mariehelenecussac.eu\\\/?page_id=13#primaryimage\",\"url\":\"https:\\\/\\\/mariehelenecussac.eu\\\/wp-content\\\/uploads\\\/2008\\\/03\\\/eu-affairs.jpg\",\"contentUrl\":\"https:\\\/\\\/mariehelenecussac.eu\\\/wp-content\\\/uploads\\\/2008\\\/03\\\/eu-affairs.jpg\"},{\"@type\":\"BreadcrumbList\",\"@id\":\"https:\\\/\\\/mariehelenecussac.eu\\\/?page_id=13#breadcrumb\",\"itemListElement\":[{\"@type\":\"ListItem\",\"position\":1,\"name\":\"Home\",\"item\":\"https:\\\/\\\/mariehelenecussac.eu\\\/\"},{\"@type\":\"ListItem\",\"position\":2,\"name\":\"home OLD SITE\"}]},{\"@type\":\"WebSite\",\"@id\":\"https:\\\/\\\/mariehelenecussac.eu\\\/#website\",\"url\":\"https:\\\/\\\/mariehelenecussac.eu\\\/\",\"name\":\"Marie-H\u00e9l\u00e8ne Cussac\",\"description\":\"Lead with empathy to unleash creativity\",\"publisher\":{\"@id\":\"https:\\\/\\\/mariehelenecussac.eu\\\/#organization\"},\"potentialAction\":[{\"@type\":\"SearchAction\",\"target\":{\"@type\":\"EntryPoint\",\"urlTemplate\":\"https:\\\/\\\/mariehelenecussac.eu\\\/?s={search_term_string}\"},\"query-input\":{\"@type\":\"PropertyValueSpecification\",\"valueRequired\":true,\"valueName\":\"search_term_string\"}}],\"inLanguage\":\"en-GB\"},{\"@type\":\"Organization\",\"@id\":\"https:\\\/\\\/mariehelenecussac.eu\\\/#organization\",\"name\":\"Marie-H\u00e9l\u00e8ne Cussac\",\"url\":\"https:\\\/\\\/mariehelenecussac.eu\\\/\",\"logo\":{\"@type\":\"ImageObject\",\"inLanguage\":\"en-GB\",\"@id\":\"https:\\\/\\\/mariehelenecussac.eu\\\/#\\\/schema\\\/logo\\\/image\\\/\",\"url\":\"https:\\\/\\\/mariehelenecussac.eu\\\/wp-content\\\/uploads\\\/2020\\\/09\\\/cropped-cropped-IMG_0148-1.jpg\",\"contentUrl\":\"https:\\\/\\\/mariehelenecussac.eu\\\/wp-content\\\/uploads\\\/2020\\\/09\\\/cropped-cropped-IMG_0148-1.jpg\",\"width\":2494,\"height\":559,\"caption\":\"Marie-H\u00e9l\u00e8ne Cussac\"},\"image\":{\"@id\":\"https:\\\/\\\/mariehelenecussac.eu\\\/#\\\/schema\\\/logo\\\/image\\\/\"}}]}<\/script>\n<!-- \/ Yoast SEO plugin. -->","yoast_head_json":{"title":"home OLD SITE - Marie-H\u00e9l\u00e8ne Cussac","robots":{"index":"index","follow":"follow","max-snippet":"max-snippet:-1","max-image-preview":"max-image-preview:large","max-video-preview":"max-video-preview:-1"},"canonical":"https:\/\/mariehelenecussac.eu\/?page_id=13","og_locale":"en_GB","og_type":"article","og_title":"home OLD SITE - Marie-H\u00e9l\u00e8ne Cussac","og_description":"WARNING: Marie-H\u00e9l\u00e8ne Cussac&#8217;s past websites are being re-organised these very days. This site is hence under re-construction. Be it in music, fashion and floral design, teaching, writing and publishing or\u00a0European ...","og_url":"https:\/\/mariehelenecussac.eu\/?page_id=13","og_site_name":"Marie-H\u00e9l\u00e8ne Cussac","article_modified_time":"2022-03-30T09:07:28+00:00","og_image":[{"url":"https:\/\/mariehelenecussac.eu\/wp-content\/uploads\/2008\/03\/eu-affairs.jpg","type":"","width":"","height":""}],"twitter_card":"summary_large_image","schema":{"@context":"https:\/\/schema.org","@graph":[{"@type":"WebPage","@id":"https:\/\/mariehelenecussac.eu\/?page_id=13","url":"https:\/\/mariehelenecussac.eu\/?page_id=13","name":"home OLD SITE - Marie-H\u00e9l\u00e8ne Cussac","isPartOf":{"@id":"https:\/\/mariehelenecussac.eu\/#website"},"primaryImageOfPage":{"@id":"https:\/\/mariehelenecussac.eu\/?page_id=13#primaryimage"},"image":{"@id":"https:\/\/mariehelenecussac.eu\/?page_id=13#primaryimage"},"thumbnailUrl":"https:\/\/mariehelenecussac.eu\/wp-content\/uploads\/2008\/03\/eu-affairs.jpg","datePublished":"2008-02-28T17:07:43+00:00","dateModified":"2022-03-30T09:07:28+00:00","breadcrumb":{"@id":"https:\/\/mariehelenecussac.eu\/?page_id=13#breadcrumb"},"inLanguage":"en-GB","potentialAction":[{"@type":"ReadAction","target":["https:\/\/mariehelenecussac.eu\/?page_id=13"]}]},{"@type":"ImageObject","inLanguage":"en-GB","@id":"https:\/\/mariehelenecussac.eu\/?page_id=13#primaryimage","url":"https:\/\/mariehelenecussac.eu\/wp-content\/uploads\/2008\/03\/eu-affairs.jpg","contentUrl":"https:\/\/mariehelenecussac.eu\/wp-content\/uploads\/2008\/03\/eu-affairs.jpg"},{"@type":"BreadcrumbList","@id":"https:\/\/mariehelenecussac.eu\/?page_id=13#breadcrumb","itemListElement":[{"@type":"ListItem","position":1,"name":"Home","item":"https:\/\/mariehelenecussac.eu\/"},{"@type":"ListItem","position":2,"name":"home OLD SITE"}]},{"@type":"WebSite","@id":"https:\/\/mariehelenecussac.eu\/#website","url":"https:\/\/mariehelenecussac.eu\/","name":"Marie-H\u00e9l\u00e8ne Cussac","description":"Lead with empathy to unleash creativity","publisher":{"@id":"https:\/\/mariehelenecussac.eu\/#organization"},"potentialAction":[{"@type":"SearchAction","target":{"@type":"EntryPoint","urlTemplate":"https:\/\/mariehelenecussac.eu\/?s={search_term_string}"},"query-input":{"@type":"PropertyValueSpecification","valueRequired":true,"valueName":"search_term_string"}}],"inLanguage":"en-GB"},{"@type":"Organization","@id":"https:\/\/mariehelenecussac.eu\/#organization","name":"Marie-H\u00e9l\u00e8ne Cussac","url":"https:\/\/mariehelenecussac.eu\/","logo":{"@type":"ImageObject","inLanguage":"en-GB","@id":"https:\/\/mariehelenecussac.eu\/#\/schema\/logo\/image\/","url":"https:\/\/mariehelenecussac.eu\/wp-content\/uploads\/2020\/09\/cropped-cropped-IMG_0148-1.jpg","contentUrl":"https:\/\/mariehelenecussac.eu\/wp-content\/uploads\/2020\/09\/cropped-cropped-IMG_0148-1.jpg","width":2494,"height":559,"caption":"Marie-H\u00e9l\u00e8ne Cussac"},"image":{"@id":"https:\/\/mariehelenecussac.eu\/#\/schema\/logo\/image\/"}}]}},"_links":{"self":[{"href":"https:\/\/mariehelenecussac.eu\/index.php?rest_route=\/wp\/v2\/pages\/13","targetHints":{"allow":["GET"]}}],"collection":[{"href":"https:\/\/mariehelenecussac.eu\/index.php?rest_route=\/wp\/v2\/pages"}],"about":[{"href":"https:\/\/mariehelenecussac.eu\/index.php?rest_route=\/wp\/v2\/types\/page"}],"author":[{"embeddable":true,"href":"https:\/\/mariehelenecussac.eu\/index.php?rest_route=\/wp\/v2\/users\/1"}],"replies":[{"embeddable":true,"href":"https:\/\/mariehelenecussac.eu\/index.php?rest_route=%2Fwp%2Fv2%2Fcomments&post=13"}],"version-history":[{"count":4,"href":"https:\/\/mariehelenecussac.eu\/index.php?rest_route=\/wp\/v2\/pages\/13\/revisions"}],"predecessor-version":[{"id":1364,"href":"https:\/\/mariehelenecussac.eu\/index.php?rest_route=\/wp\/v2\/pages\/13\/revisions\/1364"}],"wp:attachment":[{"href":"https:\/\/mariehelenecussac.eu\/index.php?rest_route=%2Fwp%2Fv2%2Fmedia&parent=13"}],"curies":[{"name":"wp","href":"https:\/\/api.w.org\/{rel}","templated":true}]}}