{"id":12,"date":"2008-02-28T17:50:14","date_gmt":"2008-02-28T17:50:14","guid":{"rendered":"https:\/\/mariehelenecussac.eu\/about\/"},"modified":"2024-02-03T16:35:00","modified_gmt":"2024-02-03T15:35:00","slug":"about","status":"publish","type":"page","link":"https:\/\/mariehelenecussac.eu\/?page_id=12","title":{"rendered":"about"},"content":{"rendered":"<p>Marie-H\u00e9l\u00e8ne is often described as that <em>cat with seven lives<\/em>. Originally from rural French mountains, she left at 14 to embrace the world; she studied and worked internationally (alumna of the <a href=\"https:\/\/www.coleurope.eu\/\" target=\"_blank\" rel=\"noopener\">College of Europe<\/a>) from the UK, Ireland, Northern Ireland, the US and Belgium within EU Institutions. Similarly to mastering a few languages, she embraces the world of EU affairs together with that of the performing arts as a trained pianist &amp; <a href=\"https:\/\/soprano.mariehelenecussac.eu\/\" target=\"_blank\" rel=\"noopener\">classical singer<\/a>.<\/p>\n<p>Marie-H\u00e9l\u00e8ne always kept a foot in both worlds, being highly involved in EU affairs while still performing.<\/p>\n<p>She started helping her communication colleagues in achieving better public speaking skills and thus developed seminars in <a href=\"https:\/\/creativity.mariehelenecussac.eu\/\" target=\"_blank\" rel=\"noopener\">empathetic leadership to unleash creativity<\/a>, observing incredibly successful results thanks to using her training as a singer. In 2013, she wrote <em>Sing to Better Communicate<\/em>. She embarks her seminar participants into a voice-discovery journey, which is life changing.<\/p>\n<p>Post-COVID, Marie-H\u00e9l\u00e8ne could launch her seminar using her two horses, hence the <a href=\"https:\/\/creativity.mariehelenecussac.eu\/soprano-and-horses\/\" target=\"_blank\" rel=\"noopener\">Soprano &amp; Horses<\/a> signature seminar.<\/p>\n<p>She also very much enjoys giving her seminars at the renowed <a href=\"https:\/\/escp.eu\/\" target=\"_blank\" rel=\"noopener\">ESCP Business School<\/a>, where&#8217;s she been a Visiting Professor since 2012.<\/p>\n<p>So, from an original background in music, English literature and linguistics&#8230;how does one get involved into EU affairs?<\/p>\n<p>You take a study of the once subaltern Cajun community of Louisiana, US (1999-2000), a couple of courses on intercultural communication and rhetorical theory while living in the Broward County, Florida, US where they cannot manage voting for presidential elections (2001), a few months in the Belfast &#8216;troubles&#8217; while Joyce&#8217;s countrymen have to vote for the Nice Treaty a second time (2001), hours in the European Parliament press room watching journalists fight the flood of EU jargon press releases, sneaks into European Convention sessions while working at the Commission across the road (2002) &#8211; then you add to this a Franco-German family background, and you may end up -like me- a passionate European taking a break from her PhD in ethnomusicology (2001) to go sit on the Bruges benches of the <a title=\"College of Europe\" href=\"http:\/\/www.coleurope.eu\" target=\"_blank\" rel=\"noopener noreferrer\">College of Europe<\/a> (2003-2004)!<\/p>\n<p>It then takes some courage to leave the somewhat comfortable ivory tower of academia to\u00a0go back into the jungle\u00a0of EU affairs.\u00a0Yet what an exciting challenge! Especially when you care about communication.<\/p>\n<p>After about 10 years working within the intricate EU affairs microcosm in Brussels, <strong>I now freelance from Paris &amp; London, where I also dedicate time to research on how lyrical singing techniques (should!) serve communications professionals<\/strong>.<\/p>\n<table border=\"0\" cellspacing=\"5\" cellpadding=\"0\">\n<tbody>\n<tr>\n<td valign=\"top\" width=\"127\"><\/td>\n<td rowspan=\"1\"><\/td>\n<td valign=\"top\" width=\"120\"><\/td>\n<\/tr>\n<\/tbody>\n<\/table>\n","protected":false},"excerpt":{"rendered":"<p>Marie-H\u00e9l\u00e8ne is often described as that cat with seven lives. Originally from rural French mountains, she left at 14 to embrace the world; she studied and worked internationally (alumna of &#8230;<\/p>\n","protected":false},"author":1,"featured_media":0,"parent":0,"menu_order":2,"comment_status":"open","ping_status":"open","template":"","meta":{"footnotes":""},"class_list":["post-12","page","type-page","status-publish","hentry"],"yoast_head":"<!-- This site is optimized with the Yoast SEO plugin v27.3 - https:\/\/yoast.com\/product\/yoast-seo-wordpress\/ -->\n<title>about - Marie-H\u00e9l\u00e8ne Cussac<\/title>\n<meta name=\"robots\" content=\"index, follow, max-snippet:-1, max-image-preview:large, max-video-preview:-1\" \/>\n<link rel=\"canonical\" href=\"https:\/\/mariehelenecussac.eu\/?page_id=12\" \/>\n<meta property=\"og:locale\" content=\"en_GB\" \/>\n<meta property=\"og:type\" content=\"article\" \/>\n<meta property=\"og:title\" content=\"about - Marie-H\u00e9l\u00e8ne Cussac\" \/>\n<meta property=\"og:description\" content=\"Marie-H\u00e9l\u00e8ne is often described as that cat with seven lives. Originally from rural French mountains, she left at 14 to embrace the world; she studied and worked internationally (alumna of ...\" \/>\n<meta property=\"og:url\" content=\"https:\/\/mariehelenecussac.eu\/?page_id=12\" \/>\n<meta property=\"og:site_name\" content=\"Marie-H\u00e9l\u00e8ne Cussac\" \/>\n<meta property=\"article:modified_time\" content=\"2024-02-03T15:35:00+00:00\" \/>\n<meta name=\"twitter:card\" content=\"summary_large_image\" \/>\n<meta name=\"twitter:label1\" content=\"Estimated reading time\" \/>\n\t<meta name=\"twitter:data1\" content=\"2 minutes\" \/>\n<script type=\"application\/ld+json\" class=\"yoast-schema-graph\">{\"@context\":\"https:\\\/\\\/schema.org\",\"@graph\":[{\"@type\":\"WebPage\",\"@id\":\"https:\\\/\\\/mariehelenecussac.eu\\\/?page_id=12\",\"url\":\"https:\\\/\\\/mariehelenecussac.eu\\\/?page_id=12\",\"name\":\"about - Marie-H\u00e9l\u00e8ne Cussac\",\"isPartOf\":{\"@id\":\"https:\\\/\\\/mariehelenecussac.eu\\\/#website\"},\"datePublished\":\"2008-02-28T17:50:14+00:00\",\"dateModified\":\"2024-02-03T15:35:00+00:00\",\"breadcrumb\":{\"@id\":\"https:\\\/\\\/mariehelenecussac.eu\\\/?page_id=12#breadcrumb\"},\"inLanguage\":\"en-GB\",\"potentialAction\":[{\"@type\":\"ReadAction\",\"target\":[\"https:\\\/\\\/mariehelenecussac.eu\\\/?page_id=12\"]}]},{\"@type\":\"BreadcrumbList\",\"@id\":\"https:\\\/\\\/mariehelenecussac.eu\\\/?page_id=12#breadcrumb\",\"itemListElement\":[{\"@type\":\"ListItem\",\"position\":1,\"name\":\"Home\",\"item\":\"https:\\\/\\\/mariehelenecussac.eu\\\/\"},{\"@type\":\"ListItem\",\"position\":2,\"name\":\"about\"}]},{\"@type\":\"WebSite\",\"@id\":\"https:\\\/\\\/mariehelenecussac.eu\\\/#website\",\"url\":\"https:\\\/\\\/mariehelenecussac.eu\\\/\",\"name\":\"Marie-H\u00e9l\u00e8ne Cussac\",\"description\":\"Lead with empathy to unleash creativity\",\"publisher\":{\"@id\":\"https:\\\/\\\/mariehelenecussac.eu\\\/#organization\"},\"potentialAction\":[{\"@type\":\"SearchAction\",\"target\":{\"@type\":\"EntryPoint\",\"urlTemplate\":\"https:\\\/\\\/mariehelenecussac.eu\\\/?s={search_term_string}\"},\"query-input\":{\"@type\":\"PropertyValueSpecification\",\"valueRequired\":true,\"valueName\":\"search_term_string\"}}],\"inLanguage\":\"en-GB\"},{\"@type\":\"Organization\",\"@id\":\"https:\\\/\\\/mariehelenecussac.eu\\\/#organization\",\"name\":\"Marie-H\u00e9l\u00e8ne Cussac\",\"url\":\"https:\\\/\\\/mariehelenecussac.eu\\\/\",\"logo\":{\"@type\":\"ImageObject\",\"inLanguage\":\"en-GB\",\"@id\":\"https:\\\/\\\/mariehelenecussac.eu\\\/#\\\/schema\\\/logo\\\/image\\\/\",\"url\":\"https:\\\/\\\/mariehelenecussac.eu\\\/wp-content\\\/uploads\\\/2020\\\/09\\\/cropped-cropped-IMG_0148-1.jpg\",\"contentUrl\":\"https:\\\/\\\/mariehelenecussac.eu\\\/wp-content\\\/uploads\\\/2020\\\/09\\\/cropped-cropped-IMG_0148-1.jpg\",\"width\":2494,\"height\":559,\"caption\":\"Marie-H\u00e9l\u00e8ne Cussac\"},\"image\":{\"@id\":\"https:\\\/\\\/mariehelenecussac.eu\\\/#\\\/schema\\\/logo\\\/image\\\/\"}}]}<\/script>\n<!-- \/ Yoast SEO plugin. -->","yoast_head_json":{"title":"about - Marie-H\u00e9l\u00e8ne Cussac","robots":{"index":"index","follow":"follow","max-snippet":"max-snippet:-1","max-image-preview":"max-image-preview:large","max-video-preview":"max-video-preview:-1"},"canonical":"https:\/\/mariehelenecussac.eu\/?page_id=12","og_locale":"en_GB","og_type":"article","og_title":"about - Marie-H\u00e9l\u00e8ne Cussac","og_description":"Marie-H\u00e9l\u00e8ne is often described as that cat with seven lives. Originally from rural French mountains, she left at 14 to embrace the world; she studied and worked internationally (alumna of ...","og_url":"https:\/\/mariehelenecussac.eu\/?page_id=12","og_site_name":"Marie-H\u00e9l\u00e8ne Cussac","article_modified_time":"2024-02-03T15:35:00+00:00","twitter_card":"summary_large_image","twitter_misc":{"Estimated reading time":"2 minutes"},"schema":{"@context":"https:\/\/schema.org","@graph":[{"@type":"WebPage","@id":"https:\/\/mariehelenecussac.eu\/?page_id=12","url":"https:\/\/mariehelenecussac.eu\/?page_id=12","name":"about - Marie-H\u00e9l\u00e8ne Cussac","isPartOf":{"@id":"https:\/\/mariehelenecussac.eu\/#website"},"datePublished":"2008-02-28T17:50:14+00:00","dateModified":"2024-02-03T15:35:00+00:00","breadcrumb":{"@id":"https:\/\/mariehelenecussac.eu\/?page_id=12#breadcrumb"},"inLanguage":"en-GB","potentialAction":[{"@type":"ReadAction","target":["https:\/\/mariehelenecussac.eu\/?page_id=12"]}]},{"@type":"BreadcrumbList","@id":"https:\/\/mariehelenecussac.eu\/?page_id=12#breadcrumb","itemListElement":[{"@type":"ListItem","position":1,"name":"Home","item":"https:\/\/mariehelenecussac.eu\/"},{"@type":"ListItem","position":2,"name":"about"}]},{"@type":"WebSite","@id":"https:\/\/mariehelenecussac.eu\/#website","url":"https:\/\/mariehelenecussac.eu\/","name":"Marie-H\u00e9l\u00e8ne Cussac","description":"Lead with empathy to unleash creativity","publisher":{"@id":"https:\/\/mariehelenecussac.eu\/#organization"},"potentialAction":[{"@type":"SearchAction","target":{"@type":"EntryPoint","urlTemplate":"https:\/\/mariehelenecussac.eu\/?s={search_term_string}"},"query-input":{"@type":"PropertyValueSpecification","valueRequired":true,"valueName":"search_term_string"}}],"inLanguage":"en-GB"},{"@type":"Organization","@id":"https:\/\/mariehelenecussac.eu\/#organization","name":"Marie-H\u00e9l\u00e8ne Cussac","url":"https:\/\/mariehelenecussac.eu\/","logo":{"@type":"ImageObject","inLanguage":"en-GB","@id":"https:\/\/mariehelenecussac.eu\/#\/schema\/logo\/image\/","url":"https:\/\/mariehelenecussac.eu\/wp-content\/uploads\/2020\/09\/cropped-cropped-IMG_0148-1.jpg","contentUrl":"https:\/\/mariehelenecussac.eu\/wp-content\/uploads\/2020\/09\/cropped-cropped-IMG_0148-1.jpg","width":2494,"height":559,"caption":"Marie-H\u00e9l\u00e8ne Cussac"},"image":{"@id":"https:\/\/mariehelenecussac.eu\/#\/schema\/logo\/image\/"}}]}},"_links":{"self":[{"href":"https:\/\/mariehelenecussac.eu\/index.php?rest_route=\/wp\/v2\/pages\/12","targetHints":{"allow":["GET"]}}],"collection":[{"href":"https:\/\/mariehelenecussac.eu\/index.php?rest_route=\/wp\/v2\/pages"}],"about":[{"href":"https:\/\/mariehelenecussac.eu\/index.php?rest_route=\/wp\/v2\/types\/page"}],"author":[{"embeddable":true,"href":"https:\/\/mariehelenecussac.eu\/index.php?rest_route=\/wp\/v2\/users\/1"}],"replies":[{"embeddable":true,"href":"https:\/\/mariehelenecussac.eu\/index.php?rest_route=%2Fwp%2Fv2%2Fcomments&post=12"}],"version-history":[{"count":4,"href":"https:\/\/mariehelenecussac.eu\/index.php?rest_route=\/wp\/v2\/pages\/12\/revisions"}],"predecessor-version":[{"id":4068,"href":"https:\/\/mariehelenecussac.eu\/index.php?rest_route=\/wp\/v2\/pages\/12\/revisions\/4068"}],"wp:attachment":[{"href":"https:\/\/mariehelenecussac.eu\/index.php?rest_route=%2Fwp%2Fv2%2Fmedia&parent=12"}],"curies":[{"name":"wp","href":"https:\/\/api.w.org\/{rel}","templated":true}]}}